{"id":513,"date":"2026-01-13T12:30:07","date_gmt":"2026-01-13T12:30:07","guid":{"rendered":"https:\/\/www.art3sano.com\/?post_type=product&#038;p=513"},"modified":"2026-01-13T12:30:07","modified_gmt":"2026-01-13T12:30:07","slug":"del-caribe-con-amor-blue","status":"publish","type":"product","link":"https:\/\/www.art3sano.com\/es\/producto\/del-caribe-con-amor-blue\/","title":{"rendered":"Del Caribe con Amor (Blue)"},"content":{"rendered":"<p class=\"p1\">Grabado mezclando las t\u00e9cnicas de <b>aguafuerte, aguatinta y collage.<\/b><\/p>\n<p class=\"p1\">Medidas: 26&#215;36 cm<\/p>\n<p class=\"p1\">Papel org\u00e1nico 100% algod\u00f3n \u00b7 180 g<\/p>","protected":false},"excerpt":{"rendered":"<p class=\"p1\">Grabado mezclando las t\u00e9cnicas de <b>aguafuerte, aguatinta y collage.<\/b><\/p>\n<p class=\"p1\">Medidas: 26&#215;36 cm<\/p>\n<p class=\"p1\">Papel org\u00e1nico 100% algod\u00f3n \u00b7 180 g<\/p>","protected":false},"featured_media":514,"comment_status":"open","ping_status":"closed","template":"","meta":{"site-sidebar-layout":"default","site-content-layout":"","ast-site-content-layout":"default","site-content-style":"default","site-sidebar-style":"default","ast-global-header-display":"","ast-banner-title-visibility":"","ast-main-header-display":"","ast-hfb-above-header-display":"","ast-hfb-below-header-display":"","ast-hfb-mobile-header-display":"","site-post-title":"","ast-breadcrumbs-content":"","ast-featured-img":"","footer-sml-layout":"","ast-disable-related-posts":"","theme-transparent-header-meta":"default","adv-header-id-meta":"","stick-header-meta":"","header-above-stick-meta":"","header-main-stick-meta":"","header-below-stick-meta":"","astra-migrate-meta-layouts":"set","ast-page-background-enabled":"default","ast-page-background-meta":{"desktop":{"background-color":"var(--ast-global-color-5)","background-image":"","background-repeat":"repeat","background-position":"center center","background-size":"auto","background-attachment":"scroll","background-type":"","background-media":"","overlay-type":"","overlay-color":"","overlay-opacity":"","overlay-gradient":""},"tablet":{"background-color":"","background-image":"","background-repeat":"repeat","background-position":"center center","background-size":"auto","background-attachment":"scroll","background-type":"","background-media":"","overlay-type":"","overlay-color":"","overlay-opacity":"","overlay-gradient":""},"mobile":{"background-color":"","background-image":"","background-repeat":"repeat","background-position":"center center","background-size":"auto","background-attachment":"scroll","background-type":"","background-media":"","overlay-type":"","overlay-color":"","overlay-opacity":"","overlay-gradient":""}},"ast-content-background-meta":{"desktop":{"background-color":"var(--ast-global-color-4)","background-image":"","background-repeat":"repeat","background-position":"center center","background-size":"auto","background-attachment":"scroll","background-type":"","background-media":"","overlay-type":"","overlay-color":"","overlay-opacity":"","overlay-gradient":""},"tablet":{"background-color":"var(--ast-global-color-4)","background-image":"","background-repeat":"repeat","background-position":"center center","background-size":"auto","background-attachment":"scroll","background-type":"","background-media":"","overlay-type":"","overlay-color":"","overlay-opacity":"","overlay-gradient":""},"mobile":{"background-color":"var(--ast-global-color-4)","background-image":"","background-repeat":"repeat","background-position":"center center","background-size":"auto","background-attachment":"scroll","background-type":"","background-media":"","overlay-type":"","overlay-color":"","overlay-opacity":"","overlay-gradient":""}}},"product_brand":[],"product_cat":[15],"product_tag":[],"class_list":{"0":"post-513","1":"product","2":"type-product","3":"status-publish","4":"has-post-thumbnail","6":"product_cat-sin-categorizar","7":"desktop-align-center","8":"tablet-align-left","9":"mobile-align-left","11":"first","12":"instock","13":"shipping-taxable","14":"purchasable","15":"product-type-simple"},"yoast_head":"<!-- This site is optimized with the Yoast SEO plugin v27.4 - https:\/\/yoast.com\/product\/yoast-seo-wordpress\/ -->\n<title>Del Caribe con Amor (Blue) - Ricardo Bracho<\/title>\n<meta name=\"description\" content=\"El Caribe no se olvida.\u2028Se queda en los colores,\u2028en el ritmo, en el sabor,\u2028en la memoria que regresa. T\u00e9cnica: Grabado (aguafuerte, aguatinta y collage). Medidas: 26x36 cm. Papel org\u00e1nico 100% algod\u00f3n \u00b7 180 g\" \/>\n<meta name=\"robots\" content=\"index, follow, max-snippet:-1, max-image-preview:large, max-video-preview:-1\" \/>\n<link rel=\"canonical\" href=\"https:\/\/www.art3sano.com\/es\/producto\/del-caribe-con-amor-blue\/\" \/>\n<meta property=\"og:locale\" content=\"es_ES\" \/>\n<meta property=\"og:type\" content=\"article\" \/>\n<meta property=\"og:title\" content=\"Del Caribe con Amor (Blue) - Ricardo Bracho\" \/>\n<meta property=\"og:description\" content=\"El Caribe no se olvida.\u2028Se queda en los colores,\u2028en el ritmo, en el sabor,\u2028en la memoria que regresa. T\u00e9cnica: Grabado (aguafuerte, aguatinta y collage). Medidas: 26x36 cm. Papel org\u00e1nico 100% algod\u00f3n \u00b7 180 g\" \/>\n<meta property=\"og:url\" content=\"https:\/\/www.art3sano.com\/es\/producto\/del-caribe-con-amor-blue\/\" \/>\n<meta property=\"og:site_name\" content=\"Ricardo Bracho\" \/>\n<meta property=\"og:image\" content=\"https:\/\/www.art3sano.com\/wp-content\/uploads\/2026\/01\/foto1.jpg\" \/>\n\t<meta property=\"og:image:width\" content=\"900\" \/>\n\t<meta property=\"og:image:height\" content=\"1178\" \/>\n\t<meta property=\"og:image:type\" content=\"image\/jpeg\" \/>\n<meta name=\"twitter:card\" content=\"summary_large_image\" \/>\n<meta name=\"twitter:label1\" content=\"Tiempo de lectura\" \/>\n\t<meta name=\"twitter:data1\" content=\"1 minuto\" \/>\n<script type=\"application\/ld+json\" class=\"yoast-schema-graph\">{\"@context\":\"https:\\\/\\\/schema.org\",\"@graph\":[{\"@type\":\"WebPage\",\"@id\":\"https:\\\/\\\/www.art3sano.com\\\/producto\\\/del-caribe-con-amor-blue\\\/\",\"url\":\"https:\\\/\\\/www.art3sano.com\\\/producto\\\/del-caribe-con-amor-blue\\\/\",\"name\":\"Del Caribe con Amor (Blue) - Ricardo Bracho\",\"isPartOf\":{\"@id\":\"https:\\\/\\\/www.art3sano.com\\\/#website\"},\"primaryImageOfPage\":{\"@id\":\"https:\\\/\\\/www.art3sano.com\\\/producto\\\/del-caribe-con-amor-blue\\\/#primaryimage\"},\"image\":{\"@id\":\"https:\\\/\\\/www.art3sano.com\\\/producto\\\/del-caribe-con-amor-blue\\\/#primaryimage\"},\"thumbnailUrl\":\"https:\\\/\\\/www.art3sano.com\\\/wp-content\\\/uploads\\\/2026\\\/01\\\/foto1.jpg\",\"datePublished\":\"2026-01-13T12:30:07+00:00\",\"description\":\"El Caribe no se olvida.\\u2028Se queda en los colores,\\u2028en el ritmo, en el sabor,\\u2028en la memoria que regresa. T\u00e9cnica: Grabado (aguafuerte, aguatinta y collage). Medidas: 26x36 cm. Papel org\u00e1nico 100% algod\u00f3n \u00b7 180 g\",\"breadcrumb\":{\"@id\":\"https:\\\/\\\/www.art3sano.com\\\/producto\\\/del-caribe-con-amor-blue\\\/#breadcrumb\"},\"inLanguage\":\"es\",\"potentialAction\":[{\"@type\":\"ReadAction\",\"target\":[\"https:\\\/\\\/www.art3sano.com\\\/producto\\\/del-caribe-con-amor-blue\\\/\"]}]},{\"@type\":\"ImageObject\",\"inLanguage\":\"es\",\"@id\":\"https:\\\/\\\/www.art3sano.com\\\/producto\\\/del-caribe-con-amor-blue\\\/#primaryimage\",\"url\":\"https:\\\/\\\/www.art3sano.com\\\/wp-content\\\/uploads\\\/2026\\\/01\\\/foto1.jpg\",\"contentUrl\":\"https:\\\/\\\/www.art3sano.com\\\/wp-content\\\/uploads\\\/2026\\\/01\\\/foto1.jpg\",\"width\":900,\"height\":1178},{\"@type\":\"BreadcrumbList\",\"@id\":\"https:\\\/\\\/www.art3sano.com\\\/producto\\\/del-caribe-con-amor-blue\\\/#breadcrumb\",\"itemListElement\":[{\"@type\":\"ListItem\",\"position\":1,\"name\":\"Portada\",\"item\":\"https:\\\/\\\/www.art3sano.com\\\/\"},{\"@type\":\"ListItem\",\"position\":2,\"name\":\"Shop\",\"item\":\"https:\\\/\\\/www.art3sano.com\\\/shop\\\/\"},{\"@type\":\"ListItem\",\"position\":3,\"name\":\"Del Caribe con Amor (Blue)\"}]},{\"@type\":\"WebSite\",\"@id\":\"https:\\\/\\\/www.art3sano.com\\\/#website\",\"url\":\"https:\\\/\\\/www.art3sano.com\\\/\",\"name\":\"Ricardo Bracho\",\"description\":\"\",\"publisher\":{\"@id\":\"https:\\\/\\\/www.art3sano.com\\\/#organization\"},\"potentialAction\":[{\"@type\":\"SearchAction\",\"target\":{\"@type\":\"EntryPoint\",\"urlTemplate\":\"https:\\\/\\\/www.art3sano.com\\\/?s={search_term_string}\"},\"query-input\":{\"@type\":\"PropertyValueSpecification\",\"valueRequired\":true,\"valueName\":\"search_term_string\"}}],\"inLanguage\":\"es\"},{\"@type\":\"Organization\",\"@id\":\"https:\\\/\\\/www.art3sano.com\\\/#organization\",\"name\":\"Ricardo Bracho\",\"url\":\"https:\\\/\\\/www.art3sano.com\\\/\",\"logo\":{\"@type\":\"ImageObject\",\"inLanguage\":\"es\",\"@id\":\"https:\\\/\\\/www.art3sano.com\\\/#\\\/schema\\\/logo\\\/image\\\/\",\"url\":\"https:\\\/\\\/www.art3sano.com\\\/wp-content\\\/uploads\\\/2026\\\/01\\\/cropped-AnimLogo_Negro.gif\",\"contentUrl\":\"https:\\\/\\\/www.art3sano.com\\\/wp-content\\\/uploads\\\/2026\\\/01\\\/cropped-AnimLogo_Negro.gif\",\"width\":200,\"height\":209,\"caption\":\"Ricardo Bracho\"},\"image\":{\"@id\":\"https:\\\/\\\/www.art3sano.com\\\/#\\\/schema\\\/logo\\\/image\\\/\"}}]}<\/script>\n<!-- \/ Yoast SEO plugin. -->","yoast_head_json":{"title":"Del Caribe con Amor (Blue) - Ricardo Bracho","description":"El Caribe no se olvida.\u2028Se queda en los colores,\u2028en el ritmo, en el sabor,\u2028en la memoria que regresa. T\u00e9cnica: Grabado (aguafuerte, aguatinta y collage). Medidas: 26x36 cm. Papel org\u00e1nico 100% algod\u00f3n \u00b7 180 g","robots":{"index":"index","follow":"follow","max-snippet":"max-snippet:-1","max-image-preview":"max-image-preview:large","max-video-preview":"max-video-preview:-1"},"canonical":"https:\/\/www.art3sano.com\/es\/producto\/del-caribe-con-amor-blue\/","og_locale":"es_ES","og_type":"article","og_title":"Del Caribe con Amor (Blue) - Ricardo Bracho","og_description":"El Caribe no se olvida.\u2028Se queda en los colores,\u2028en el ritmo, en el sabor,\u2028en la memoria que regresa. T\u00e9cnica: Grabado (aguafuerte, aguatinta y collage). Medidas: 26x36 cm. Papel org\u00e1nico 100% algod\u00f3n \u00b7 180 g","og_url":"https:\/\/www.art3sano.com\/es\/producto\/del-caribe-con-amor-blue\/","og_site_name":"Ricardo Bracho","og_image":[{"width":900,"height":1178,"url":"https:\/\/www.art3sano.com\/wp-content\/uploads\/2026\/01\/foto1.jpg","type":"image\/jpeg"}],"twitter_card":"summary_large_image","twitter_misc":{"Tiempo de lectura":"1 minuto"},"schema":{"@context":"https:\/\/schema.org","@graph":[{"@type":"WebPage","@id":"https:\/\/www.art3sano.com\/producto\/del-caribe-con-amor-blue\/","url":"https:\/\/www.art3sano.com\/producto\/del-caribe-con-amor-blue\/","name":"Del Caribe con Amor (Blue) - Ricardo Bracho","isPartOf":{"@id":"https:\/\/www.art3sano.com\/#website"},"primaryImageOfPage":{"@id":"https:\/\/www.art3sano.com\/producto\/del-caribe-con-amor-blue\/#primaryimage"},"image":{"@id":"https:\/\/www.art3sano.com\/producto\/del-caribe-con-amor-blue\/#primaryimage"},"thumbnailUrl":"https:\/\/www.art3sano.com\/wp-content\/uploads\/2026\/01\/foto1.jpg","datePublished":"2026-01-13T12:30:07+00:00","description":"El Caribe no se olvida.\u2028Se queda en los colores,\u2028en el ritmo, en el sabor,\u2028en la memoria que regresa. T\u00e9cnica: Grabado (aguafuerte, aguatinta y collage). Medidas: 26x36 cm. Papel org\u00e1nico 100% algod\u00f3n \u00b7 180 g","breadcrumb":{"@id":"https:\/\/www.art3sano.com\/producto\/del-caribe-con-amor-blue\/#breadcrumb"},"inLanguage":"es","potentialAction":[{"@type":"ReadAction","target":["https:\/\/www.art3sano.com\/producto\/del-caribe-con-amor-blue\/"]}]},{"@type":"ImageObject","inLanguage":"es","@id":"https:\/\/www.art3sano.com\/producto\/del-caribe-con-amor-blue\/#primaryimage","url":"https:\/\/www.art3sano.com\/wp-content\/uploads\/2026\/01\/foto1.jpg","contentUrl":"https:\/\/www.art3sano.com\/wp-content\/uploads\/2026\/01\/foto1.jpg","width":900,"height":1178},{"@type":"BreadcrumbList","@id":"https:\/\/www.art3sano.com\/producto\/del-caribe-con-amor-blue\/#breadcrumb","itemListElement":[{"@type":"ListItem","position":1,"name":"Portada","item":"https:\/\/www.art3sano.com\/"},{"@type":"ListItem","position":2,"name":"Shop","item":"https:\/\/www.art3sano.com\/shop\/"},{"@type":"ListItem","position":3,"name":"Del Caribe con Amor (Blue)"}]},{"@type":"WebSite","@id":"https:\/\/www.art3sano.com\/#website","url":"https:\/\/www.art3sano.com\/","name":"Ricardo Bracho","description":"","publisher":{"@id":"https:\/\/www.art3sano.com\/#organization"},"potentialAction":[{"@type":"SearchAction","target":{"@type":"EntryPoint","urlTemplate":"https:\/\/www.art3sano.com\/?s={search_term_string}"},"query-input":{"@type":"PropertyValueSpecification","valueRequired":true,"valueName":"search_term_string"}}],"inLanguage":"es"},{"@type":"Organization","@id":"https:\/\/www.art3sano.com\/#organization","name":"Ricardo Bracho","url":"https:\/\/www.art3sano.com\/","logo":{"@type":"ImageObject","inLanguage":"es","@id":"https:\/\/www.art3sano.com\/#\/schema\/logo\/image\/","url":"https:\/\/www.art3sano.com\/wp-content\/uploads\/2026\/01\/cropped-AnimLogo_Negro.gif","contentUrl":"https:\/\/www.art3sano.com\/wp-content\/uploads\/2026\/01\/cropped-AnimLogo_Negro.gif","width":200,"height":209,"caption":"Ricardo Bracho"},"image":{"@id":"https:\/\/www.art3sano.com\/#\/schema\/logo\/image\/"}}]}},"_links":{"self":[{"href":"https:\/\/www.art3sano.com\/es\/wp-json\/wp\/v2\/product\/513","targetHints":{"allow":["GET"]}}],"collection":[{"href":"https:\/\/www.art3sano.com\/es\/wp-json\/wp\/v2\/product"}],"about":[{"href":"https:\/\/www.art3sano.com\/es\/wp-json\/wp\/v2\/types\/product"}],"replies":[{"embeddable":true,"href":"https:\/\/www.art3sano.com\/es\/wp-json\/wp\/v2\/comments?post=513"}],"wp:featuredmedia":[{"embeddable":true,"href":"https:\/\/www.art3sano.com\/es\/wp-json\/wp\/v2\/media\/514"}],"wp:attachment":[{"href":"https:\/\/www.art3sano.com\/es\/wp-json\/wp\/v2\/media?parent=513"}],"wp:term":[{"taxonomy":"product_brand","embeddable":true,"href":"https:\/\/www.art3sano.com\/es\/wp-json\/wp\/v2\/product_brand?post=513"},{"taxonomy":"product_cat","embeddable":true,"href":"https:\/\/www.art3sano.com\/es\/wp-json\/wp\/v2\/product_cat?post=513"},{"taxonomy":"product_tag","embeddable":true,"href":"https:\/\/www.art3sano.com\/es\/wp-json\/wp\/v2\/product_tag?post=513"}],"curies":[{"name":"wp","href":"https:\/\/api.w.org\/{rel}","templated":true}]}}