{"id":171,"date":"2025-03-26T10:39:23","date_gmt":"2025-03-26T10:39:23","guid":{"rendered":"https:\/\/www.art3sano.com\/?page_id=171"},"modified":"2025-03-26T11:00:12","modified_gmt":"2025-03-26T11:00:12","slug":"accesibilidad","status":"publish","type":"page","link":"https:\/\/www.art3sano.com\/es\/accesibilidad\/","title":{"rendered":"Accesibilidad"},"content":{"rendered":"<div data-elementor-type=\"wp-page\" data-elementor-id=\"171\" class=\"elementor elementor-171\">\n\t\t\t\t<div class=\"elementor-element elementor-element-4bc0ceb e-flex e-con-boxed e-con e-parent\" data-id=\"4bc0ceb\" data-element_type=\"container\" data-e-type=\"container\">\n\t\t\t\t\t<div class=\"e-con-inner\">\n\t\t\t\t<div class=\"elementor-element elementor-element-c7d8fea elementor-widget elementor-widget-heading\" data-id=\"c7d8fea\" data-element_type=\"widget\" data-e-type=\"widget\" data-widget_type=\"heading.default\">\n\t\t\t\t<div class=\"elementor-widget-container\">\n\t\t\t\t\t<h2 class=\"elementor-heading-title elementor-size-default\">Accesibilidad<\/h2>\t\t\t\t<\/div>\n\t\t\t\t<\/div>\n\t\t\t\t\t<\/div>\n\t\t\t\t<\/div>\n\t\t<div class=\"elementor-element elementor-element-990e4c2 e-flex e-con-boxed e-con e-parent\" data-id=\"990e4c2\" data-element_type=\"container\" data-e-type=\"container\">\n\t\t\t\t\t<div class=\"e-con-inner\">\n\t\t\t\t<div class=\"elementor-element elementor-element-5ec74b7 elementor-widget elementor-widget-text-editor\" data-id=\"5ec74b7\" data-element_type=\"widget\" data-e-type=\"widget\" data-widget_type=\"text-editor.default\">\n\t\t\t\t<div class=\"elementor-widget-container\">\n\t\t\t\t\t\t\t\t\t<p><strong>Declaraci\u00f3n de accesibilidad<\/strong><\/p><p>Nuestra empresa se ha comprometido a hacer accesible su sitio web, de conformidad con el Real Decreto 1112\/2018, de 7 de septiembre, sobre accesibilidad de los sitios web y aplicaciones para dispositivos m\u00f3viles del sector p\u00fablico. Este enlace se abrir\u00e1 en ventana nueva, por el que se traspone la Directiva (UE) 2016\/2102 del Parlamento Europeo y del Consejo, de 26 de octubre de 2016.<\/p><p>La presente declaraci\u00f3n de accesibilidad se aplica sobre todas las p\u00e1ginas del dominio.<\/p><p><strong>Situaci\u00f3n de cumplimiento<\/strong><\/p><p>Este sitio web es parcialmente conforme con el RD 1112\/2018 debido a las excepciones y a la falta de conformidad de los aspectos que se indican a continuaci\u00f3n.<\/p><p><strong>Contenido no accesible<\/strong><\/p><p>El contenido que se recoge a continuaci\u00f3n no es accesible por lo siguiente:<\/p><ol><li>Falta de conformidad con el Real Decreto 1112\/2018, de 7 de septiembre<br \/>Podr\u00edan existir fallos puntuales de edici\u00f3n en alguna p\u00e1gina web, tanto en contenidos HTML como en documentos finales, publicados en fecha posterior al 20 de septiembre de 2018 (fecha de entrada en vigor del Real Decreto 1112\/2018, de 7 de septiembre).<\/li><li>Carga desproporcionada: no aplica.<\/li><li>El contenido no entra dentro del \u00e1mbito de la legislaci\u00f3n aplicable.<br \/>Archivos ofim\u00e1ticos en PDF u otros formatos publicados antes del 20 de septiembre de 2018 que no cumplan en su totalidad todos los requisitos de accesibilidad.<br \/>Servicios de mapa y cartograf\u00eda en l\u00ednea.<\/li><\/ol><p><strong>Preparaci\u00f3n de la presente declaraci\u00f3n de accesibilidad<\/strong><\/p><p>La presente declaraci\u00f3n fue preparada el 2 de marzo de 2023.<br \/>El m\u00e9todo empleado para preparar la declaraci\u00f3n ha sido una autoevaluaci\u00f3n llevada a cabo por el propio organismo.<br \/>\u00daltima revisi\u00f3n de la declaraci\u00f3n: Marzo de 2023.<\/p><p><strong>Procedimiento de aplicaci\u00f3n<\/strong><\/p><p>Puede realizar comunicaciones sobre requisitos de accesibilidad (art\u00edculo 10.2.a del RD 1112\/2018) como, por ejemplo:<\/p><ul><li>Informar sobre cualquier posible incumplimiento por parte de este sitio web.<\/li><li>Transmitir otras dificultades de acceso al contenido.<\/li><li>Formular cualquier otra consulta o sugerencia de mejora relativa a la accesibilidad del sitio web.<\/li><li>Indicar en el \u00abAsunto\u00bb que se trata de \u201cAccesibilidad web\u201d, a trav\u00e9s del formulario web de contacto.<\/li><\/ul><p>Agradecemos de antemano su colaboraci\u00f3n, ya que redundar\u00e1 en la mejora del servicio que le prestamos.<br \/>Las comunicaciones ser\u00e1n recibidas y tratadas por la empresa.<\/p><p>La solicitud de informaci\u00f3n accesible y quejas (art\u00edculo 10.2b) y las reclamaciones (art\u00edculo 13) del Real Decreto 1112\/2018, de 7 de septiembre, se tramitar\u00e1n a trav\u00e9s del formulario de contacto.<\/p><p><strong>Contenido opcional<\/strong><\/p><p>Este sitio web aplica los requisitos de la Norma UNE-EN 301549:2019, considerando las excepciones del RD 1112\/2018.<br \/>La \u00faltima revisi\u00f3n de la accesibilidad se ha realizado en marzo de 2023.<\/p><p>El sitio web est\u00e1 optimizado para los navegadores Microsoft Internet Explorer 11 o versiones superiores y las \u00faltimas versiones vigentes de FireFox, Safari, Opera y Google Chrome. La resoluci\u00f3n web m\u00ednima recomendada es de 1280\u00d71024.<\/p><p>El sitio web est\u00e1 dise\u00f1ado para su visualizaci\u00f3n responsive, por lo que se visualiza de forma \u00f3ptima en dispositivos tablet y m\u00f3viles. En estos dispositivos est\u00e1 optimizado para su visualizaci\u00f3n en las \u00faltimas versiones vigentes de Chrome for mobile, Firefox for mobile, Safari mobile, Opera Mini y el navegador nativo de Android.<\/p>\t\t\t\t\t\t\t\t<\/div>\n\t\t\t\t<\/div>\n\t\t\t\t\t<\/div>\n\t\t\t\t<\/div>\n\t\t\t\t<\/div>","protected":false},"excerpt":{"rendered":"<p>Accesibilidad Declaraci\u00f3n de accesibilidad Nuestra empresa se ha comprometido a hacer accesible su sitio web, de conformidad con el Real [&hellip;]<\/p>\n","protected":false},"author":1,"featured_media":0,"parent":0,"menu_order":0,"comment_status":"closed","ping_status":"closed","template":"","meta":{"site-sidebar-layout":"no-sidebar","site-content-layout":"","ast-site-content-layout":"full-width-container","site-content-style":"default","site-sidebar-style":"default","ast-global-header-display":"","ast-banner-title-visibility":"","ast-main-header-display":"","ast-hfb-above-header-display":"","ast-hfb-below-header-display":"","ast-hfb-mobile-header-display":"","site-post-title":"disabled","ast-breadcrumbs-content":"","ast-featured-img":"disabled","footer-sml-layout":"","ast-disable-related-posts":"","theme-transparent-header-meta":"default","adv-header-id-meta":"","stick-header-meta":"","header-above-stick-meta":"","header-main-stick-meta":"","header-below-stick-meta":"","astra-migrate-meta-layouts":"set","ast-page-background-enabled":"default","ast-page-background-meta":{"desktop":{"background-color":"var(--ast-global-color-5)","background-image":"","background-repeat":"repeat","background-position":"center center","background-size":"auto","background-attachment":"scroll","background-type":"","background-media":"","overlay-type":"","overlay-color":"","overlay-opacity":"","overlay-gradient":""},"tablet":{"background-color":"","background-image":"","background-repeat":"repeat","background-position":"center center","background-size":"auto","background-attachment":"scroll","background-type":"","background-media":"","overlay-type":"","overlay-color":"","overlay-opacity":"","overlay-gradient":""},"mobile":{"background-color":"","background-image":"","background-repeat":"repeat","background-position":"center center","background-size":"auto","background-attachment":"scroll","background-type":"","background-media":"","overlay-type":"","overlay-color":"","overlay-opacity":"","overlay-gradient":""}},"ast-content-background-meta":{"desktop":{"background-color":"var(--ast-global-color-4)","background-image":"","background-repeat":"repeat","background-position":"center center","background-size":"auto","background-attachment":"scroll","background-type":"","background-media":"","overlay-type":"","overlay-color":"","overlay-opacity":"","overlay-gradient":""},"tablet":{"background-color":"var(--ast-global-color-4)","background-image":"","background-repeat":"repeat","background-position":"center center","background-size":"auto","background-attachment":"scroll","background-type":"","background-media":"","overlay-type":"","overlay-color":"","overlay-opacity":"","overlay-gradient":""},"mobile":{"background-color":"var(--ast-global-color-4)","background-image":"","background-repeat":"repeat","background-position":"center center","background-size":"auto","background-attachment":"scroll","background-type":"","background-media":"","overlay-type":"","overlay-color":"","overlay-opacity":"","overlay-gradient":""}},"footnotes":""},"class_list":["post-171","page","type-page","status-publish","hentry"],"yoast_head":"<!-- This site is optimized with the Yoast SEO plugin v27.4 - https:\/\/yoast.com\/product\/yoast-seo-wordpress\/ -->\n<title>Accesibilidad - Ricardo Bracho<\/title>\n<meta name=\"robots\" content=\"index, follow, max-snippet:-1, max-image-preview:large, max-video-preview:-1\" \/>\n<link rel=\"canonical\" href=\"https:\/\/www.art3sano.com\/es\/accesibilidad\/\" \/>\n<meta property=\"og:locale\" content=\"es_ES\" \/>\n<meta property=\"og:type\" content=\"article\" \/>\n<meta property=\"og:title\" content=\"Accesibilidad - Ricardo Bracho\" \/>\n<meta property=\"og:description\" content=\"Accesibilidad Declaraci\u00f3n de accesibilidad Nuestra empresa se ha comprometido a hacer accesible su sitio web, de conformidad con el Real [&hellip;]\" \/>\n<meta property=\"og:url\" content=\"https:\/\/www.art3sano.com\/es\/accesibilidad\/\" \/>\n<meta property=\"og:site_name\" content=\"Ricardo Bracho\" \/>\n<meta property=\"article:modified_time\" content=\"2025-03-26T11:00:12+00:00\" \/>\n<meta name=\"twitter:card\" content=\"summary_large_image\" \/>\n<meta name=\"twitter:label1\" content=\"Tiempo de lectura\" \/>\n\t<meta name=\"twitter:data1\" content=\"3 minutos\" \/>\n<script type=\"application\/ld+json\" class=\"yoast-schema-graph\">{\"@context\":\"https:\\\/\\\/schema.org\",\"@graph\":[{\"@type\":\"WebPage\",\"@id\":\"https:\\\/\\\/www.art3sano.com\\\/accesibilidad\\\/\",\"url\":\"https:\\\/\\\/www.art3sano.com\\\/accesibilidad\\\/\",\"name\":\"Accesibilidad - Ricardo Bracho\",\"isPartOf\":{\"@id\":\"https:\\\/\\\/www.art3sano.com\\\/#website\"},\"datePublished\":\"2025-03-26T10:39:23+00:00\",\"dateModified\":\"2025-03-26T11:00:12+00:00\",\"breadcrumb\":{\"@id\":\"https:\\\/\\\/www.art3sano.com\\\/accesibilidad\\\/#breadcrumb\"},\"inLanguage\":\"es\",\"potentialAction\":[{\"@type\":\"ReadAction\",\"target\":[\"https:\\\/\\\/www.art3sano.com\\\/accesibilidad\\\/\"]}]},{\"@type\":\"BreadcrumbList\",\"@id\":\"https:\\\/\\\/www.art3sano.com\\\/accesibilidad\\\/#breadcrumb\",\"itemListElement\":[{\"@type\":\"ListItem\",\"position\":1,\"name\":\"Portada\",\"item\":\"https:\\\/\\\/www.art3sano.com\\\/\"},{\"@type\":\"ListItem\",\"position\":2,\"name\":\"Accesibilidad\"}]},{\"@type\":\"WebSite\",\"@id\":\"https:\\\/\\\/www.art3sano.com\\\/#website\",\"url\":\"https:\\\/\\\/www.art3sano.com\\\/\",\"name\":\"Ricardo Bracho\",\"description\":\"\",\"publisher\":{\"@id\":\"https:\\\/\\\/www.art3sano.com\\\/#organization\"},\"potentialAction\":[{\"@type\":\"SearchAction\",\"target\":{\"@type\":\"EntryPoint\",\"urlTemplate\":\"https:\\\/\\\/www.art3sano.com\\\/?s={search_term_string}\"},\"query-input\":{\"@type\":\"PropertyValueSpecification\",\"valueRequired\":true,\"valueName\":\"search_term_string\"}}],\"inLanguage\":\"es\"},{\"@type\":\"Organization\",\"@id\":\"https:\\\/\\\/www.art3sano.com\\\/#organization\",\"name\":\"Ricardo Bracho\",\"url\":\"https:\\\/\\\/www.art3sano.com\\\/\",\"logo\":{\"@type\":\"ImageObject\",\"inLanguage\":\"es\",\"@id\":\"https:\\\/\\\/www.art3sano.com\\\/#\\\/schema\\\/logo\\\/image\\\/\",\"url\":\"https:\\\/\\\/www.art3sano.com\\\/wp-content\\\/uploads\\\/2026\\\/01\\\/cropped-AnimLogo_Negro.gif\",\"contentUrl\":\"https:\\\/\\\/www.art3sano.com\\\/wp-content\\\/uploads\\\/2026\\\/01\\\/cropped-AnimLogo_Negro.gif\",\"width\":200,\"height\":209,\"caption\":\"Ricardo Bracho\"},\"image\":{\"@id\":\"https:\\\/\\\/www.art3sano.com\\\/#\\\/schema\\\/logo\\\/image\\\/\"}}]}<\/script>\n<!-- \/ Yoast SEO plugin. -->","yoast_head_json":{"title":"Accesibilidad - Ricardo Bracho","robots":{"index":"index","follow":"follow","max-snippet":"max-snippet:-1","max-image-preview":"max-image-preview:large","max-video-preview":"max-video-preview:-1"},"canonical":"https:\/\/www.art3sano.com\/es\/accesibilidad\/","og_locale":"es_ES","og_type":"article","og_title":"Accesibilidad - Ricardo Bracho","og_description":"Accesibilidad Declaraci\u00f3n de accesibilidad Nuestra empresa se ha comprometido a hacer accesible su sitio web, de conformidad con el Real [&hellip;]","og_url":"https:\/\/www.art3sano.com\/es\/accesibilidad\/","og_site_name":"Ricardo Bracho","article_modified_time":"2025-03-26T11:00:12+00:00","twitter_card":"summary_large_image","twitter_misc":{"Tiempo de lectura":"3 minutos"},"schema":{"@context":"https:\/\/schema.org","@graph":[{"@type":"WebPage","@id":"https:\/\/www.art3sano.com\/accesibilidad\/","url":"https:\/\/www.art3sano.com\/accesibilidad\/","name":"Accesibilidad - Ricardo Bracho","isPartOf":{"@id":"https:\/\/www.art3sano.com\/#website"},"datePublished":"2025-03-26T10:39:23+00:00","dateModified":"2025-03-26T11:00:12+00:00","breadcrumb":{"@id":"https:\/\/www.art3sano.com\/accesibilidad\/#breadcrumb"},"inLanguage":"es","potentialAction":[{"@type":"ReadAction","target":["https:\/\/www.art3sano.com\/accesibilidad\/"]}]},{"@type":"BreadcrumbList","@id":"https:\/\/www.art3sano.com\/accesibilidad\/#breadcrumb","itemListElement":[{"@type":"ListItem","position":1,"name":"Portada","item":"https:\/\/www.art3sano.com\/"},{"@type":"ListItem","position":2,"name":"Accesibilidad"}]},{"@type":"WebSite","@id":"https:\/\/www.art3sano.com\/#website","url":"https:\/\/www.art3sano.com\/","name":"Ricardo Bracho","description":"","publisher":{"@id":"https:\/\/www.art3sano.com\/#organization"},"potentialAction":[{"@type":"SearchAction","target":{"@type":"EntryPoint","urlTemplate":"https:\/\/www.art3sano.com\/?s={search_term_string}"},"query-input":{"@type":"PropertyValueSpecification","valueRequired":true,"valueName":"search_term_string"}}],"inLanguage":"es"},{"@type":"Organization","@id":"https:\/\/www.art3sano.com\/#organization","name":"Ricardo Bracho","url":"https:\/\/www.art3sano.com\/","logo":{"@type":"ImageObject","inLanguage":"es","@id":"https:\/\/www.art3sano.com\/#\/schema\/logo\/image\/","url":"https:\/\/www.art3sano.com\/wp-content\/uploads\/2026\/01\/cropped-AnimLogo_Negro.gif","contentUrl":"https:\/\/www.art3sano.com\/wp-content\/uploads\/2026\/01\/cropped-AnimLogo_Negro.gif","width":200,"height":209,"caption":"Ricardo Bracho"},"image":{"@id":"https:\/\/www.art3sano.com\/#\/schema\/logo\/image\/"}}]}},"_links":{"self":[{"href":"https:\/\/www.art3sano.com\/es\/wp-json\/wp\/v2\/pages\/171","targetHints":{"allow":["GET"]}}],"collection":[{"href":"https:\/\/www.art3sano.com\/es\/wp-json\/wp\/v2\/pages"}],"about":[{"href":"https:\/\/www.art3sano.com\/es\/wp-json\/wp\/v2\/types\/page"}],"author":[{"embeddable":true,"href":"https:\/\/www.art3sano.com\/es\/wp-json\/wp\/v2\/users\/1"}],"replies":[{"embeddable":true,"href":"https:\/\/www.art3sano.com\/es\/wp-json\/wp\/v2\/comments?post=171"}],"version-history":[{"count":4,"href":"https:\/\/www.art3sano.com\/es\/wp-json\/wp\/v2\/pages\/171\/revisions"}],"predecessor-version":[{"id":182,"href":"https:\/\/www.art3sano.com\/es\/wp-json\/wp\/v2\/pages\/171\/revisions\/182"}],"wp:attachment":[{"href":"https:\/\/www.art3sano.com\/es\/wp-json\/wp\/v2\/media?parent=171"}],"curies":[{"name":"wp","href":"https:\/\/api.w.org\/{rel}","templated":true}]}}