{"id":169,"date":"2025-03-26T10:38:40","date_gmt":"2025-03-26T10:38:40","guid":{"rendered":"https:\/\/www.art3sano.com\/?page_id=169"},"modified":"2025-03-26T10:57:41","modified_gmt":"2025-03-26T10:57:41","slug":"aviso-legal","status":"publish","type":"page","link":"https:\/\/www.art3sano.com\/es\/aviso-legal\/","title":{"rendered":"Aviso Legal"},"content":{"rendered":"\t\t<div data-elementor-type=\"wp-page\" data-elementor-id=\"169\" class=\"elementor elementor-169\">\n\t\t\t\t<div class=\"elementor-element elementor-element-c3e5447 e-flex e-con-boxed e-con e-parent\" data-id=\"c3e5447\" data-element_type=\"container\" data-e-type=\"container\">\n\t\t\t\t\t<div class=\"e-con-inner\">\n\t\t\t\t<div class=\"elementor-element elementor-element-46d10e8 elementor-widget elementor-widget-heading\" data-id=\"46d10e8\" data-element_type=\"widget\" data-e-type=\"widget\" data-widget_type=\"heading.default\">\n\t\t\t\t<div class=\"elementor-widget-container\">\n\t\t\t\t\t<h2 class=\"elementor-heading-title elementor-size-default\">Aviso Legal<\/h2>\t\t\t\t<\/div>\n\t\t\t\t<\/div>\n\t\t\t\t\t<\/div>\n\t\t\t\t<\/div>\n\t\t<div class=\"elementor-element elementor-element-05d46b0 e-flex e-con-boxed e-con e-parent\" data-id=\"05d46b0\" data-element_type=\"container\" data-e-type=\"container\">\n\t\t\t\t\t<div class=\"e-con-inner\">\n\t\t\t\t<div class=\"elementor-element elementor-element-2d7242f elementor-widget elementor-widget-text-editor\" data-id=\"2d7242f\" data-element_type=\"widget\" data-e-type=\"widget\" data-widget_type=\"text-editor.default\">\n\t\t\t\t<div class=\"elementor-widget-container\">\n\t\t\t\t\t\t\t\t\t<p>En cumplimiento del art\u00edculo 10 de la Ley 34\/2002, de 11 de julio, de Servicios de la Sociedad de la Informaci\u00f3n y Comercio Electr\u00f3nico (LSSICE) a continuaci\u00f3n se detallan los datos identificativos de la empresa:<\/p><p>Nombre empresa: [cliente_titular]<\/p><p>CIF: [cliente_cif]<\/p><p>Direcci\u00f3n: [cliente_direccion]<\/p><p>Tel\u00e9fono: [cliente_telefono]<\/p><p>Email: [cliente_email]<\/p><p><strong>FINALIDAD DE LA P\u00c1GINA WEB<\/strong><\/p><p>Informar a los visitantes de los productos y servicios ofrecidos por la empresa.<\/p><p>El presente aviso legal regula el uso del sitio web.<\/p><p><strong>LEGISLACI\u00d3N<\/strong><\/p><p>Con car\u00e1cter general las relaciones entre [cliente_titular], con los Usuarios de sus servicios telem\u00e1ticos, presentes en este sitio web, se encuentran sometidas a la legislaci\u00f3n y jurisdicci\u00f3n espa\u00f1olas.<\/p><p><strong>USO Y ACCESO DE USUARIOS<\/strong><\/p><p>El Usuario queda informado, y acepta, que el acceso a la presente web no supone, en modo alguno, el inicio de una relaci\u00f3n comercial con [cliente_titular] o cualquiera de sus delegaciones.<\/p><p><strong>PROPIEDAD INTELECTUAL E INDUSTRIAL<\/strong><\/p><p>Los derechos de propiedad intelectual del contenido de las p\u00e1ginas web, su dise\u00f1o gr\u00e1fico y c\u00f3digos son titularidad de [cliente_titular] y, por tanto, queda prohibida su reproducci\u00f3n, distribuci\u00f3n, comunicaci\u00f3n p\u00fablica, transformaci\u00f3n o cualquier otra actividad que se pueda realizar con los contenidos de sus p\u00e1ginas web ni aun citando las fuentes, salvo consentimiento por escrito de [cliente_titular] CONTENIDO DE LA WEB Y ENLACES (LINKS).<\/p><p>[cliente_titular], se reserva el derecho a actualizar, modificar o eliminar la informaci\u00f3n contenida en sus p\u00e1ginas web, pudiendo incluso limitar o no permitir el acceso a dicha informaci\u00f3n a ciertos usuarios.<\/p><p>[cliente_titular], no asume responsabilidad alguna por la informaci\u00f3n contenida en p\u00e1ginas web de terceros a las que se pueda acceder por &#8220;links&#8221; o enlaces desde cualquier p\u00e1gina web propiedad de [cliente_titular]. La presencia de &#8220;links&#8221; o enlaces en las p\u00e1ginas web de [cliente_titular] tiene finalidad meramente informativa y en ning\u00fan caso supone sugerencia, invitaci\u00f3n o recomendaci\u00f3n sobre los mismos.<\/p><p><strong>CONTENIDO DE LA WEB Y ENLACES (LINKS)<\/strong><\/p><p>[cliente_titular] se reserva el derecho a actualizar, modificar o eliminar la informaci\u00f3n contenida en sus p\u00e1ginas web, pudiendo incluso limitar o no permitir el acceso a dicha informaci\u00f3n a ciertos usuarios.<\/p><p>[cliente_titular] no asume responsabilidad alguna por la informaci\u00f3n contenida en p\u00e1ginas web de terceros a las que se pueda acceder por &#8220;links&#8221; o enlaces desde cualquier p\u00e1gina web propiedad de [cliente_titular]. La presencia de &#8220;links&#8221; o enlaces en las p\u00e1ginas web de [cliente_titular] tiene finalidad meramente informativa y en ning\u00fan caso supone sugerencia, invitaci\u00f3n o recomendaci\u00f3n sobre los mismos<\/p>\t\t\t\t\t\t\t\t<\/div>\n\t\t\t\t<\/div>\n\t\t\t\t\t<\/div>\n\t\t\t\t<\/div>\n\t\t\t\t<\/div>\n\t\t","protected":false},"excerpt":{"rendered":"<p>Aviso Legal En cumplimiento del art\u00edculo 10 de la Ley 34\/2002, de 11 de julio, de Servicios de la Sociedad [&hellip;]<\/p>\n","protected":false},"author":1,"featured_media":0,"parent":0,"menu_order":0,"comment_status":"closed","ping_status":"closed","template":"","meta":{"site-sidebar-layout":"no-sidebar","site-content-layout":"","ast-site-content-layout":"full-width-container","site-content-style":"default","site-sidebar-style":"default","ast-global-header-display":"","ast-banner-title-visibility":"","ast-main-header-display":"","ast-hfb-above-header-display":"","ast-hfb-below-header-display":"","ast-hfb-mobile-header-display":"","site-post-title":"disabled","ast-breadcrumbs-content":"","ast-featured-img":"disabled","footer-sml-layout":"","ast-disable-related-posts":"","theme-transparent-header-meta":"default","adv-header-id-meta":"","stick-header-meta":"","header-above-stick-meta":"","header-main-stick-meta":"","header-below-stick-meta":"","astra-migrate-meta-layouts":"set","ast-page-background-enabled":"default","ast-page-background-meta":{"desktop":{"background-color":"var(--ast-global-color-5)","background-image":"","background-repeat":"repeat","background-position":"center center","background-size":"auto","background-attachment":"scroll","background-type":"","background-media":"","overlay-type":"","overlay-color":"","overlay-opacity":"","overlay-gradient":""},"tablet":{"background-color":"","background-image":"","background-repeat":"repeat","background-position":"center center","background-size":"auto","background-attachment":"scroll","background-type":"","background-media":"","overlay-type":"","overlay-color":"","overlay-opacity":"","overlay-gradient":""},"mobile":{"background-color":"","background-image":"","background-repeat":"repeat","background-position":"center center","background-size":"auto","background-attachment":"scroll","background-type":"","background-media":"","overlay-type":"","overlay-color":"","overlay-opacity":"","overlay-gradient":""}},"ast-content-background-meta":{"desktop":{"background-color":"var(--ast-global-color-4)","background-image":"","background-repeat":"repeat","background-position":"center center","background-size":"auto","background-attachment":"scroll","background-type":"","background-media":"","overlay-type":"","overlay-color":"","overlay-opacity":"","overlay-gradient":""},"tablet":{"background-color":"var(--ast-global-color-4)","background-image":"","background-repeat":"repeat","background-position":"center center","background-size":"auto","background-attachment":"scroll","background-type":"","background-media":"","overlay-type":"","overlay-color":"","overlay-opacity":"","overlay-gradient":""},"mobile":{"background-color":"var(--ast-global-color-4)","background-image":"","background-repeat":"repeat","background-position":"center center","background-size":"auto","background-attachment":"scroll","background-type":"","background-media":"","overlay-type":"","overlay-color":"","overlay-opacity":"","overlay-gradient":""}},"footnotes":""},"class_list":["post-169","page","type-page","status-publish","hentry"],"yoast_head":"<!-- This site is optimized with the Yoast SEO plugin v27.4 - https:\/\/yoast.com\/product\/yoast-seo-wordpress\/ -->\n<title>Aviso Legal - Ricardo Bracho<\/title>\n<meta name=\"robots\" content=\"index, follow, max-snippet:-1, max-image-preview:large, max-video-preview:-1\" \/>\n<link rel=\"canonical\" href=\"https:\/\/www.art3sano.com\/es\/aviso-legal\/\" \/>\n<meta property=\"og:locale\" content=\"es_ES\" \/>\n<meta property=\"og:type\" content=\"article\" \/>\n<meta property=\"og:title\" content=\"Aviso Legal - Ricardo Bracho\" \/>\n<meta property=\"og:description\" content=\"Aviso Legal En cumplimiento del art\u00edculo 10 de la Ley 34\/2002, de 11 de julio, de Servicios de la Sociedad [&hellip;]\" \/>\n<meta property=\"og:url\" content=\"https:\/\/www.art3sano.com\/es\/aviso-legal\/\" \/>\n<meta property=\"og:site_name\" content=\"Ricardo Bracho\" \/>\n<meta property=\"article:modified_time\" content=\"2025-03-26T10:57:41+00:00\" \/>\n<meta name=\"twitter:card\" content=\"summary_large_image\" \/>\n<meta name=\"twitter:label1\" content=\"Tiempo de lectura\" \/>\n\t<meta name=\"twitter:data1\" content=\"2 minutos\" \/>\n<script type=\"application\/ld+json\" class=\"yoast-schema-graph\">{\"@context\":\"https:\\\/\\\/schema.org\",\"@graph\":[{\"@type\":\"WebPage\",\"@id\":\"https:\\\/\\\/www.art3sano.com\\\/aviso-legal\\\/\",\"url\":\"https:\\\/\\\/www.art3sano.com\\\/aviso-legal\\\/\",\"name\":\"Aviso Legal - Ricardo Bracho\",\"isPartOf\":{\"@id\":\"https:\\\/\\\/www.art3sano.com\\\/#website\"},\"datePublished\":\"2025-03-26T10:38:40+00:00\",\"dateModified\":\"2025-03-26T10:57:41+00:00\",\"breadcrumb\":{\"@id\":\"https:\\\/\\\/www.art3sano.com\\\/aviso-legal\\\/#breadcrumb\"},\"inLanguage\":\"es\",\"potentialAction\":[{\"@type\":\"ReadAction\",\"target\":[\"https:\\\/\\\/www.art3sano.com\\\/aviso-legal\\\/\"]}]},{\"@type\":\"BreadcrumbList\",\"@id\":\"https:\\\/\\\/www.art3sano.com\\\/aviso-legal\\\/#breadcrumb\",\"itemListElement\":[{\"@type\":\"ListItem\",\"position\":1,\"name\":\"Portada\",\"item\":\"https:\\\/\\\/www.art3sano.com\\\/\"},{\"@type\":\"ListItem\",\"position\":2,\"name\":\"Aviso Legal\"}]},{\"@type\":\"WebSite\",\"@id\":\"https:\\\/\\\/www.art3sano.com\\\/#website\",\"url\":\"https:\\\/\\\/www.art3sano.com\\\/\",\"name\":\"Ricardo Bracho\",\"description\":\"\",\"publisher\":{\"@id\":\"https:\\\/\\\/www.art3sano.com\\\/#organization\"},\"potentialAction\":[{\"@type\":\"SearchAction\",\"target\":{\"@type\":\"EntryPoint\",\"urlTemplate\":\"https:\\\/\\\/www.art3sano.com\\\/?s={search_term_string}\"},\"query-input\":{\"@type\":\"PropertyValueSpecification\",\"valueRequired\":true,\"valueName\":\"search_term_string\"}}],\"inLanguage\":\"es\"},{\"@type\":\"Organization\",\"@id\":\"https:\\\/\\\/www.art3sano.com\\\/#organization\",\"name\":\"Ricardo Bracho\",\"url\":\"https:\\\/\\\/www.art3sano.com\\\/\",\"logo\":{\"@type\":\"ImageObject\",\"inLanguage\":\"es\",\"@id\":\"https:\\\/\\\/www.art3sano.com\\\/#\\\/schema\\\/logo\\\/image\\\/\",\"url\":\"https:\\\/\\\/www.art3sano.com\\\/wp-content\\\/uploads\\\/2026\\\/01\\\/cropped-AnimLogo_Negro.gif\",\"contentUrl\":\"https:\\\/\\\/www.art3sano.com\\\/wp-content\\\/uploads\\\/2026\\\/01\\\/cropped-AnimLogo_Negro.gif\",\"width\":200,\"height\":209,\"caption\":\"Ricardo Bracho\"},\"image\":{\"@id\":\"https:\\\/\\\/www.art3sano.com\\\/#\\\/schema\\\/logo\\\/image\\\/\"}}]}<\/script>\n<!-- \/ Yoast SEO plugin. -->","yoast_head_json":{"title":"Aviso Legal - Ricardo Bracho","robots":{"index":"index","follow":"follow","max-snippet":"max-snippet:-1","max-image-preview":"max-image-preview:large","max-video-preview":"max-video-preview:-1"},"canonical":"https:\/\/www.art3sano.com\/es\/aviso-legal\/","og_locale":"es_ES","og_type":"article","og_title":"Aviso Legal - Ricardo Bracho","og_description":"Aviso Legal En cumplimiento del art\u00edculo 10 de la Ley 34\/2002, de 11 de julio, de Servicios de la Sociedad [&hellip;]","og_url":"https:\/\/www.art3sano.com\/es\/aviso-legal\/","og_site_name":"Ricardo Bracho","article_modified_time":"2025-03-26T10:57:41+00:00","twitter_card":"summary_large_image","twitter_misc":{"Tiempo de lectura":"2 minutos"},"schema":{"@context":"https:\/\/schema.org","@graph":[{"@type":"WebPage","@id":"https:\/\/www.art3sano.com\/aviso-legal\/","url":"https:\/\/www.art3sano.com\/aviso-legal\/","name":"Aviso Legal - Ricardo Bracho","isPartOf":{"@id":"https:\/\/www.art3sano.com\/#website"},"datePublished":"2025-03-26T10:38:40+00:00","dateModified":"2025-03-26T10:57:41+00:00","breadcrumb":{"@id":"https:\/\/www.art3sano.com\/aviso-legal\/#breadcrumb"},"inLanguage":"es","potentialAction":[{"@type":"ReadAction","target":["https:\/\/www.art3sano.com\/aviso-legal\/"]}]},{"@type":"BreadcrumbList","@id":"https:\/\/www.art3sano.com\/aviso-legal\/#breadcrumb","itemListElement":[{"@type":"ListItem","position":1,"name":"Portada","item":"https:\/\/www.art3sano.com\/"},{"@type":"ListItem","position":2,"name":"Aviso Legal"}]},{"@type":"WebSite","@id":"https:\/\/www.art3sano.com\/#website","url":"https:\/\/www.art3sano.com\/","name":"Ricardo Bracho","description":"","publisher":{"@id":"https:\/\/www.art3sano.com\/#organization"},"potentialAction":[{"@type":"SearchAction","target":{"@type":"EntryPoint","urlTemplate":"https:\/\/www.art3sano.com\/?s={search_term_string}"},"query-input":{"@type":"PropertyValueSpecification","valueRequired":true,"valueName":"search_term_string"}}],"inLanguage":"es"},{"@type":"Organization","@id":"https:\/\/www.art3sano.com\/#organization","name":"Ricardo Bracho","url":"https:\/\/www.art3sano.com\/","logo":{"@type":"ImageObject","inLanguage":"es","@id":"https:\/\/www.art3sano.com\/#\/schema\/logo\/image\/","url":"https:\/\/www.art3sano.com\/wp-content\/uploads\/2026\/01\/cropped-AnimLogo_Negro.gif","contentUrl":"https:\/\/www.art3sano.com\/wp-content\/uploads\/2026\/01\/cropped-AnimLogo_Negro.gif","width":200,"height":209,"caption":"Ricardo Bracho"},"image":{"@id":"https:\/\/www.art3sano.com\/#\/schema\/logo\/image\/"}}]}},"_links":{"self":[{"href":"https:\/\/www.art3sano.com\/es\/wp-json\/wp\/v2\/pages\/169","targetHints":{"allow":["GET"]}}],"collection":[{"href":"https:\/\/www.art3sano.com\/es\/wp-json\/wp\/v2\/pages"}],"about":[{"href":"https:\/\/www.art3sano.com\/es\/wp-json\/wp\/v2\/types\/page"}],"author":[{"embeddable":true,"href":"https:\/\/www.art3sano.com\/es\/wp-json\/wp\/v2\/users\/1"}],"replies":[{"embeddable":true,"href":"https:\/\/www.art3sano.com\/es\/wp-json\/wp\/v2\/comments?post=169"}],"version-history":[{"count":4,"href":"https:\/\/www.art3sano.com\/es\/wp-json\/wp\/v2\/pages\/169\/revisions"}],"predecessor-version":[{"id":179,"href":"https:\/\/www.art3sano.com\/es\/wp-json\/wp\/v2\/pages\/169\/revisions\/179"}],"wp:attachment":[{"href":"https:\/\/www.art3sano.com\/es\/wp-json\/wp\/v2\/media?parent=169"}],"curies":[{"name":"wp","href":"https:\/\/api.w.org\/{rel}","templated":true}]}}