{"id":161,"date":"2025-03-26T10:30:08","date_gmt":"2025-03-26T10:30:08","guid":{"rendered":"https:\/\/www.art3sano.com\/?page_id=161"},"modified":"2025-03-26T10:33:18","modified_gmt":"2025-03-26T10:33:18","slug":"politica-de-privacidad","status":"publish","type":"page","link":"https:\/\/www.art3sano.com\/es\/politica-de-privacidad\/","title":{"rendered":"Politica de Privacidad"},"content":{"rendered":"\t\t<div data-elementor-type=\"wp-page\" data-elementor-id=\"161\" class=\"elementor elementor-161\">\n\t\t\t\t<div class=\"elementor-element elementor-element-ace31fe e-flex e-con-boxed e-con e-parent\" data-id=\"ace31fe\" data-element_type=\"container\" data-e-type=\"container\">\n\t\t\t\t\t<div class=\"e-con-inner\">\n\t\t\t\t<div class=\"elementor-element elementor-element-60404b1 elementor-widget elementor-widget-heading\" data-id=\"60404b1\" data-element_type=\"widget\" data-e-type=\"widget\" data-widget_type=\"heading.default\">\n\t\t\t\t<div class=\"elementor-widget-container\">\n\t\t\t\t\t<h2 class=\"elementor-heading-title elementor-size-default\">Pol\u00edtica de Privacidad<\/h2>\t\t\t\t<\/div>\n\t\t\t\t<\/div>\n\t\t\t\t\t<\/div>\n\t\t\t\t<\/div>\n\t\t<div class=\"elementor-element elementor-element-2fef095 e-flex e-con-boxed e-con e-parent\" data-id=\"2fef095\" data-element_type=\"container\" data-e-type=\"container\">\n\t\t\t\t\t<div class=\"e-con-inner\">\n\t\t\t\t<div class=\"elementor-element elementor-element-38fc93b elementor-widget elementor-widget-text-editor\" data-id=\"38fc93b\" data-element_type=\"widget\" data-e-type=\"widget\" data-widget_type=\"text-editor.default\">\n\t\t\t\t<div class=\"elementor-widget-container\">\n\t\t\t\t\t\t\t\t\t<p>Identidad del Responsable del Tratamiento:<\/p><p>Identidad: [cliente_titular]<\/p><p>CIF: [cliente_cif]<\/p><p>Direcci\u00f3n: [cliente_direccion]<\/p><p>Tel\u00e9fono: [cliente_telefono]<\/p><p>E-Mail: [cliente_email]<\/p><p>Descripci\u00f3n ampliada de la finalidad\/es del tratamiento: Trataremos sus datos para informarles de los servicios y productos ofertados en la web<\/p><p><strong>CONSERVACI\u00d3N<\/strong><\/p><p>Plazos o criterios de conservaci\u00f3n de los datos: Los datos personales proporcionados se conservar\u00e1n, mientras se mantenga la relaci\u00f3n mercantil, no se solicite su supresi\u00f3n por el interesado, o durante 1 a\u00f1o a partir de la \u00faltima confirmaci\u00f3n de inter\u00e9s.<\/p><p><strong>DECISIONES<\/strong><\/p><p>Decisiones automatizadas, perfiles y l\u00f3gica aplicada: La empresa NO tomar\u00e1 decisiones automatizadas.<\/p><p><strong>CONSENTIMIENTO<\/strong><\/p><p>La finalidad y uso previsto tanto de los datos en s\u00ed mismos como de su tratamiento, es prestarle el servicio solicitado. A continuaci\u00f3n, podr\u00e1 aceptar las finalidades que crea convenientes marcando su casilla correspondiente y clicando en el bot\u00f3n ACEPTAR. Tenga en cuenta que algunas finalidades pueden ser necesarias para poderle prestar el servicio; en el caso de no marcar dichas casillas, no se podr\u00e1 prestar\/entregar el servicio o producto asociado.<\/p><p><strong>LEGITIMACI\u00d3N<\/strong><\/p><p>Legitimaci\u00f3n por consentimiento del interesado:<br \/>La empresa solicitar\u00e1 el consentimiento del interesado antes de la recogida de datos, para ello utiliza un formulario electr\u00f3nico situado en la web, donde se informa sobre el tratamiento de sus datos y no es posible continuar con el proceso a menos que el interesado clique y acepte dicho tratamiento.<\/p><p><strong>DESTINATARIOS<\/strong><\/p><p>Durante el periodo de duraci\u00f3n del tratamiento, [cliente_titular] no realizar\u00e1 ninguna cesi\u00f3n, salvo obligaci\u00f3n legal, ni tampoco transferencia alguna.<\/p><p><strong>DERECHOS<\/strong><\/p><p>El interesado puede ejercer los siguientes derechos: Derecho a solicitar el acceso a sus datos personales. Derecho a solicitar su rectificaci\u00f3n o supresi\u00f3n. Derecho a solicitar la limitaci\u00f3n de su tratamiento. Derecho a oponerse al tratamiento. Derecho a la portabilidad de los datos. Derecho a retirar el consentimiento prestado. Para ello podr\u00e1 emplear los formularios habilitados por la empresa, o bien dirigir un escrito a [cliente_titular] &#8211; [cliente_direccion] &#8211; MURCIA. Tambi\u00e9n puede enviar un email a: [cliente_email].<\/p><p>Adem\u00e1s, el interesado puede dirigirse a la Autoridad de Control en materia de Protecci\u00f3n de Datos competente para obtener informaci\u00f3n adicional o presentar una reclamaci\u00f3n.<\/p><p>La Pol\u00edtica de Privacidad se actualiz\u00f3 por \u00faltima vez a fecha 26 de Marzo de 2025.<\/p>\t\t\t\t\t\t\t\t<\/div>\n\t\t\t\t<\/div>\n\t\t\t\t\t<\/div>\n\t\t\t\t<\/div>\n\t\t\t\t<\/div>\n\t\t","protected":false},"excerpt":{"rendered":"<p>Pol\u00edtica de Privacidad Identidad del Responsable del Tratamiento: Identidad: [cliente_titular] CIF: [cliente_cif] Direcci\u00f3n: [cliente_direccion] Tel\u00e9fono: [cliente_telefono] E-Mail: [cliente_email] Descripci\u00f3n ampliada [&hellip;]<\/p>\n","protected":false},"author":1,"featured_media":0,"parent":0,"menu_order":0,"comment_status":"closed","ping_status":"closed","template":"","meta":{"site-sidebar-layout":"no-sidebar","site-content-layout":"","ast-site-content-layout":"full-width-container","site-content-style":"default","site-sidebar-style":"default","ast-global-header-display":"","ast-banner-title-visibility":"","ast-main-header-display":"","ast-hfb-above-header-display":"","ast-hfb-below-header-display":"","ast-hfb-mobile-header-display":"","site-post-title":"disabled","ast-breadcrumbs-content":"","ast-featured-img":"disabled","footer-sml-layout":"","ast-disable-related-posts":"","theme-transparent-header-meta":"default","adv-header-id-meta":"","stick-header-meta":"","header-above-stick-meta":"","header-main-stick-meta":"","header-below-stick-meta":"","astra-migrate-meta-layouts":"set","ast-page-background-enabled":"default","ast-page-background-meta":{"desktop":{"background-color":"var(--ast-global-color-5)","background-image":"","background-repeat":"repeat","background-position":"center center","background-size":"auto","background-attachment":"scroll","background-type":"","background-media":"","overlay-type":"","overlay-color":"","overlay-opacity":"","overlay-gradient":""},"tablet":{"background-color":"","background-image":"","background-repeat":"repeat","background-position":"center center","background-size":"auto","background-attachment":"scroll","background-type":"","background-media":"","overlay-type":"","overlay-color":"","overlay-opacity":"","overlay-gradient":""},"mobile":{"background-color":"","background-image":"","background-repeat":"repeat","background-position":"center center","background-size":"auto","background-attachment":"scroll","background-type":"","background-media":"","overlay-type":"","overlay-color":"","overlay-opacity":"","overlay-gradient":""}},"ast-content-background-meta":{"desktop":{"background-color":"var(--ast-global-color-4)","background-image":"","background-repeat":"repeat","background-position":"center center","background-size":"auto","background-attachment":"scroll","background-type":"","background-media":"","overlay-type":"","overlay-color":"","overlay-opacity":"","overlay-gradient":""},"tablet":{"background-color":"var(--ast-global-color-4)","background-image":"","background-repeat":"repeat","background-position":"center center","background-size":"auto","background-attachment":"scroll","background-type":"","background-media":"","overlay-type":"","overlay-color":"","overlay-opacity":"","overlay-gradient":""},"mobile":{"background-color":"var(--ast-global-color-4)","background-image":"","background-repeat":"repeat","background-position":"center center","background-size":"auto","background-attachment":"scroll","background-type":"","background-media":"","overlay-type":"","overlay-color":"","overlay-opacity":"","overlay-gradient":""}},"footnotes":""},"class_list":["post-161","page","type-page","status-publish","hentry"],"yoast_head":"<!-- This site is optimized with the Yoast SEO plugin v27.4 - https:\/\/yoast.com\/product\/yoast-seo-wordpress\/ -->\n<title>Politica de Privacidad - Ricardo Bracho<\/title>\n<meta name=\"robots\" content=\"index, follow, max-snippet:-1, max-image-preview:large, max-video-preview:-1\" \/>\n<link rel=\"canonical\" href=\"https:\/\/www.art3sano.com\/es\/politica-de-privacidad\/\" \/>\n<meta property=\"og:locale\" content=\"es_ES\" \/>\n<meta property=\"og:type\" content=\"article\" \/>\n<meta property=\"og:title\" content=\"Politica de Privacidad - Ricardo Bracho\" \/>\n<meta property=\"og:description\" content=\"Pol\u00edtica de Privacidad Identidad del Responsable del Tratamiento: Identidad: [cliente_titular] CIF: [cliente_cif] Direcci\u00f3n: [cliente_direccion] Tel\u00e9fono: [cliente_telefono] E-Mail: [cliente_email] Descripci\u00f3n ampliada [&hellip;]\" \/>\n<meta property=\"og:url\" content=\"https:\/\/www.art3sano.com\/es\/politica-de-privacidad\/\" \/>\n<meta property=\"og:site_name\" content=\"Ricardo Bracho\" \/>\n<meta property=\"article:modified_time\" content=\"2025-03-26T10:33:18+00:00\" \/>\n<meta name=\"twitter:card\" content=\"summary_large_image\" \/>\n<meta name=\"twitter:label1\" content=\"Tiempo de lectura\" \/>\n\t<meta name=\"twitter:data1\" content=\"2 minutos\" \/>\n<script type=\"application\/ld+json\" class=\"yoast-schema-graph\">{\"@context\":\"https:\\\/\\\/schema.org\",\"@graph\":[{\"@type\":\"WebPage\",\"@id\":\"https:\\\/\\\/www.art3sano.com\\\/politica-de-privacidad\\\/\",\"url\":\"https:\\\/\\\/www.art3sano.com\\\/politica-de-privacidad\\\/\",\"name\":\"Politica de Privacidad - Ricardo Bracho\",\"isPartOf\":{\"@id\":\"https:\\\/\\\/www.art3sano.com\\\/#website\"},\"datePublished\":\"2025-03-26T10:30:08+00:00\",\"dateModified\":\"2025-03-26T10:33:18+00:00\",\"breadcrumb\":{\"@id\":\"https:\\\/\\\/www.art3sano.com\\\/politica-de-privacidad\\\/#breadcrumb\"},\"inLanguage\":\"es\",\"potentialAction\":[{\"@type\":\"ReadAction\",\"target\":[\"https:\\\/\\\/www.art3sano.com\\\/politica-de-privacidad\\\/\"]}]},{\"@type\":\"BreadcrumbList\",\"@id\":\"https:\\\/\\\/www.art3sano.com\\\/politica-de-privacidad\\\/#breadcrumb\",\"itemListElement\":[{\"@type\":\"ListItem\",\"position\":1,\"name\":\"Portada\",\"item\":\"https:\\\/\\\/www.art3sano.com\\\/\"},{\"@type\":\"ListItem\",\"position\":2,\"name\":\"Politica de Privacidad\"}]},{\"@type\":\"WebSite\",\"@id\":\"https:\\\/\\\/www.art3sano.com\\\/#website\",\"url\":\"https:\\\/\\\/www.art3sano.com\\\/\",\"name\":\"Ricardo Bracho\",\"description\":\"\",\"publisher\":{\"@id\":\"https:\\\/\\\/www.art3sano.com\\\/#organization\"},\"potentialAction\":[{\"@type\":\"SearchAction\",\"target\":{\"@type\":\"EntryPoint\",\"urlTemplate\":\"https:\\\/\\\/www.art3sano.com\\\/?s={search_term_string}\"},\"query-input\":{\"@type\":\"PropertyValueSpecification\",\"valueRequired\":true,\"valueName\":\"search_term_string\"}}],\"inLanguage\":\"es\"},{\"@type\":\"Organization\",\"@id\":\"https:\\\/\\\/www.art3sano.com\\\/#organization\",\"name\":\"Ricardo Bracho\",\"url\":\"https:\\\/\\\/www.art3sano.com\\\/\",\"logo\":{\"@type\":\"ImageObject\",\"inLanguage\":\"es\",\"@id\":\"https:\\\/\\\/www.art3sano.com\\\/#\\\/schema\\\/logo\\\/image\\\/\",\"url\":\"https:\\\/\\\/www.art3sano.com\\\/wp-content\\\/uploads\\\/2026\\\/01\\\/cropped-AnimLogo_Negro.gif\",\"contentUrl\":\"https:\\\/\\\/www.art3sano.com\\\/wp-content\\\/uploads\\\/2026\\\/01\\\/cropped-AnimLogo_Negro.gif\",\"width\":200,\"height\":209,\"caption\":\"Ricardo Bracho\"},\"image\":{\"@id\":\"https:\\\/\\\/www.art3sano.com\\\/#\\\/schema\\\/logo\\\/image\\\/\"}}]}<\/script>\n<!-- \/ Yoast SEO plugin. -->","yoast_head_json":{"title":"Politica de Privacidad - Ricardo Bracho","robots":{"index":"index","follow":"follow","max-snippet":"max-snippet:-1","max-image-preview":"max-image-preview:large","max-video-preview":"max-video-preview:-1"},"canonical":"https:\/\/www.art3sano.com\/es\/politica-de-privacidad\/","og_locale":"es_ES","og_type":"article","og_title":"Politica de Privacidad - Ricardo Bracho","og_description":"Pol\u00edtica de Privacidad Identidad del Responsable del Tratamiento: Identidad: [cliente_titular] CIF: [cliente_cif] Direcci\u00f3n: [cliente_direccion] Tel\u00e9fono: [cliente_telefono] E-Mail: [cliente_email] Descripci\u00f3n ampliada [&hellip;]","og_url":"https:\/\/www.art3sano.com\/es\/politica-de-privacidad\/","og_site_name":"Ricardo Bracho","article_modified_time":"2025-03-26T10:33:18+00:00","twitter_card":"summary_large_image","twitter_misc":{"Tiempo de lectura":"2 minutos"},"schema":{"@context":"https:\/\/schema.org","@graph":[{"@type":"WebPage","@id":"https:\/\/www.art3sano.com\/politica-de-privacidad\/","url":"https:\/\/www.art3sano.com\/politica-de-privacidad\/","name":"Politica de Privacidad - Ricardo Bracho","isPartOf":{"@id":"https:\/\/www.art3sano.com\/#website"},"datePublished":"2025-03-26T10:30:08+00:00","dateModified":"2025-03-26T10:33:18+00:00","breadcrumb":{"@id":"https:\/\/www.art3sano.com\/politica-de-privacidad\/#breadcrumb"},"inLanguage":"es","potentialAction":[{"@type":"ReadAction","target":["https:\/\/www.art3sano.com\/politica-de-privacidad\/"]}]},{"@type":"BreadcrumbList","@id":"https:\/\/www.art3sano.com\/politica-de-privacidad\/#breadcrumb","itemListElement":[{"@type":"ListItem","position":1,"name":"Portada","item":"https:\/\/www.art3sano.com\/"},{"@type":"ListItem","position":2,"name":"Politica de Privacidad"}]},{"@type":"WebSite","@id":"https:\/\/www.art3sano.com\/#website","url":"https:\/\/www.art3sano.com\/","name":"Ricardo Bracho","description":"","publisher":{"@id":"https:\/\/www.art3sano.com\/#organization"},"potentialAction":[{"@type":"SearchAction","target":{"@type":"EntryPoint","urlTemplate":"https:\/\/www.art3sano.com\/?s={search_term_string}"},"query-input":{"@type":"PropertyValueSpecification","valueRequired":true,"valueName":"search_term_string"}}],"inLanguage":"es"},{"@type":"Organization","@id":"https:\/\/www.art3sano.com\/#organization","name":"Ricardo Bracho","url":"https:\/\/www.art3sano.com\/","logo":{"@type":"ImageObject","inLanguage":"es","@id":"https:\/\/www.art3sano.com\/#\/schema\/logo\/image\/","url":"https:\/\/www.art3sano.com\/wp-content\/uploads\/2026\/01\/cropped-AnimLogo_Negro.gif","contentUrl":"https:\/\/www.art3sano.com\/wp-content\/uploads\/2026\/01\/cropped-AnimLogo_Negro.gif","width":200,"height":209,"caption":"Ricardo Bracho"},"image":{"@id":"https:\/\/www.art3sano.com\/#\/schema\/logo\/image\/"}}]}},"_links":{"self":[{"href":"https:\/\/www.art3sano.com\/es\/wp-json\/wp\/v2\/pages\/161","targetHints":{"allow":["GET"]}}],"collection":[{"href":"https:\/\/www.art3sano.com\/es\/wp-json\/wp\/v2\/pages"}],"about":[{"href":"https:\/\/www.art3sano.com\/es\/wp-json\/wp\/v2\/types\/page"}],"author":[{"embeddable":true,"href":"https:\/\/www.art3sano.com\/es\/wp-json\/wp\/v2\/users\/1"}],"replies":[{"embeddable":true,"href":"https:\/\/www.art3sano.com\/es\/wp-json\/wp\/v2\/comments?post=161"}],"version-history":[{"count":4,"href":"https:\/\/www.art3sano.com\/es\/wp-json\/wp\/v2\/pages\/161\/revisions"}],"predecessor-version":[{"id":165,"href":"https:\/\/www.art3sano.com\/es\/wp-json\/wp\/v2\/pages\/161\/revisions\/165"}],"wp:attachment":[{"href":"https:\/\/www.art3sano.com\/es\/wp-json\/wp\/v2\/media?parent=161"}],"curies":[{"name":"wp","href":"https:\/\/api.w.org\/{rel}","templated":true}]}}