{"id":142,"date":"2025-03-26T08:52:03","date_gmt":"2025-03-26T08:52:03","guid":{"rendered":"https:\/\/www.art3sano.com\/?page_id=142"},"modified":"2025-09-04T10:27:19","modified_gmt":"2025-09-04T10:27:19","slug":"the-artist","status":"publish","type":"page","link":"https:\/\/www.art3sano.com\/es\/the-artist\/","title":{"rendered":"El Artista"},"content":{"rendered":"<div data-elementor-type=\"wp-page\" data-elementor-id=\"142\" class=\"elementor elementor-142\">\n\t\t\t\t\t\t<section class=\"elementor-section elementor-top-section elementor-element elementor-element-0ny3i8j elementor-section-boxed elementor-section-height-default elementor-section-height-default\" data-id=\"0ny3i8j\" data-element_type=\"section\" data-e-type=\"section\" data-settings=\"{&quot;background_background&quot;:&quot;classic&quot;}\">\n\t\t\t\t\t\t<div class=\"elementor-container elementor-column-gap-default\">\n\t\t\t\t\t<div class=\"elementor-column elementor-col-50 elementor-top-column elementor-element elementor-element-9abba43\" data-id=\"9abba43\" data-element_type=\"column\" data-e-type=\"column\" data-settings=\"{&quot;background_background&quot;:&quot;classic&quot;}\">\n\t\t\t<div class=\"elementor-widget-wrap elementor-element-populated\">\n\t\t\t\t\t\t<div class=\"elementor-element elementor-element-4245b55 elementor-widget elementor-widget-image\" data-id=\"4245b55\" data-element_type=\"widget\" data-e-type=\"widget\" data-widget_type=\"image.default\">\n\t\t\t\t<div class=\"elementor-widget-container\">\n\t\t\t\t\t\t\t\t\t\t\t\t\t\t\t<img fetchpriority=\"high\" decoding=\"async\" width=\"1357\" height=\"1600\" src=\"https:\/\/www.art3sano.com\/wp-content\/uploads\/2025\/03\/fFOTO-RICARDO-ANDRES-.jpg\" class=\"attachment-full size-full wp-image-213\" alt=\"art3sano\" srcset=\"https:\/\/www.art3sano.com\/wp-content\/uploads\/2025\/03\/fFOTO-RICARDO-ANDRES-.jpg 1357w, https:\/\/www.art3sano.com\/wp-content\/uploads\/2025\/03\/fFOTO-RICARDO-ANDRES--254x300.jpg 254w, https:\/\/www.art3sano.com\/wp-content\/uploads\/2025\/03\/fFOTO-RICARDO-ANDRES--868x1024.jpg 868w, https:\/\/www.art3sano.com\/wp-content\/uploads\/2025\/03\/fFOTO-RICARDO-ANDRES--768x906.jpg 768w, https:\/\/www.art3sano.com\/wp-content\/uploads\/2025\/03\/fFOTO-RICARDO-ANDRES--1303x1536.jpg 1303w, https:\/\/www.art3sano.com\/wp-content\/uploads\/2025\/03\/fFOTO-RICARDO-ANDRES--800x943.jpg 800w, https:\/\/www.art3sano.com\/wp-content\/uploads\/2025\/03\/fFOTO-RICARDO-ANDRES--600x707.jpg 600w\" sizes=\"(max-width: 1357px) 100vw, 1357px\" \/>\t\t\t\t\t\t\t\t\t\t\t\t\t\t\t<\/div>\n\t\t\t\t<\/div>\n\t\t\t\t\t<\/div>\n\t\t<\/div>\n\t\t\t\t<div class=\"elementor-column elementor-col-50 elementor-top-column elementor-element elementor-element-f088365\" data-id=\"f088365\" data-element_type=\"column\" data-e-type=\"column\">\n\t\t\t<div class=\"elementor-widget-wrap elementor-element-populated\">\n\t\t\t\t\t\t<div class=\"elementor-element elementor-element-e7d1eaf elementor-widget elementor-widget-heading\" data-id=\"e7d1eaf\" data-element_type=\"widget\" data-e-type=\"widget\" data-widget_type=\"heading.default\">\n\t\t\t\t<div class=\"elementor-widget-container\">\n\t\t\t\t\t<h2 class=\"elementor-heading-title elementor-size-default\">Este es Ricardo Bracho<\/h2>\t\t\t\t<\/div>\n\t\t\t\t<\/div>\n\t\t\t\t<div class=\"elementor-element elementor-element-01dd3f1 elementor-widget elementor-widget-text-editor\" data-id=\"01dd3f1\" data-element_type=\"widget\" data-e-type=\"widget\" data-widget_type=\"text-editor.default\">\n\t\t\t\t<div class=\"elementor-widget-container\">\n\t\t\t\t\t\t\t\t\t<p>Nacido el 12 de junio de 1985 en Maracaibo, Venezuela, descubri\u00f3 su pasi\u00f3n por el arte y el dibujo a temprana edad, inclin\u00e1ndose por la cultura urbana, el grafiti, el tatuaje y las t\u00e9cnicas de est\u00e9ncil. En 2002, comenz\u00f3 a estudiar Dise\u00f1o Gr\u00e1fico, a la vez que desarrollaba su estilo como ilustrador y artista autodidacta. Tras graduarse en 2007, se incorpor\u00f3 a la industria publicitaria como director de arte y creativo, compaginando su carrera profesional con el arte visual freelance.<\/p><p>Su obra est\u00e1 profundamente influenciada por sus ra\u00edces caribe\u00f1as, la escena underground, el arte del tatuaje tradicional y el arte pop, as\u00ed como por la energ\u00eda cruda de las calles. A trav\u00e9s de sus creaciones, busca expresar pensamientos y emociones personales, d\u00e1ndoles vida mediante personajes, frases y composiciones llenas de actitud y audacia, ofreciendo un contraste fresco a la grisura del mundo contempor\u00e1neo.<\/p>\t\t\t\t\t\t\t\t<\/div>\n\t\t\t\t<\/div>\n\t\t\t\t<div class=\"elementor-element elementor-element-f4454ec elementor-shape-circle e-grid-align-tablet-center elementor-grid-0 e-grid-align-center elementor-widget elementor-widget-social-icons\" data-id=\"f4454ec\" data-element_type=\"widget\" data-e-type=\"widget\" data-widget_type=\"social-icons.default\">\n\t\t\t\t<div class=\"elementor-widget-container\">\n\t\t\t\t\t\t\t<div class=\"elementor-social-icons-wrapper elementor-grid\">\n\t\t\t\t\t\t\t<span class=\"elementor-grid-item\">\n\t\t\t\t\t<a class=\"elementor-icon elementor-social-icon elementor-social-icon-instagram elementor-repeater-item-194865c\" href=\"https:\/\/www.instagram.com\/art3sano\/\" target=\"_blank\">\n\t\t\t\t\t\t<span class=\"elementor-screen-only\">Instagram<\/span>\n\t\t\t\t\t\t<svg aria-hidden=\"true\" class=\"e-font-icon-svg e-fab-instagram\" viewbox=\"0 0 448 512\" xmlns=\"http:\/\/www.w3.org\/2000\/svg\"><path d=\"M224.1 141c-63.6 0-114.9 51.3-114.9 114.9s51.3 114.9 114.9 114.9S339 319.5 339 255.9 287.7 141 224.1 141zm0 189.6c-41.1 0-74.7-33.5-74.7-74.7s33.5-74.7 74.7-74.7 74.7 33.5 74.7 74.7-33.6 74.7-74.7 74.7zm146.4-194.3c0 14.9-12 26.8-26.8 26.8-14.9 0-26.8-12-26.8-26.8s12-26.8 26.8-26.8 26.8 12 26.8 26.8zm76.1 27.2c-1.7-35.9-9.9-67.7-36.2-93.9-26.2-26.2-58-34.4-93.9-36.2-37-2.1-147.9-2.1-184.9 0-35.8 1.7-67.6 9.9-93.9 36.1s-34.4 58-36.2 93.9c-2.1 37-2.1 147.9 0 184.9 1.7 35.9 9.9 67.7 36.2 93.9s58 34.4 93.9 36.2c37 2.1 147.9 2.1 184.9 0 35.9-1.7 67.7-9.9 93.9-36.2 26.2-26.2 34.4-58 36.2-93.9 2.1-37 2.1-147.8 0-184.8zM398.8 388c-7.8 19.6-22.9 34.7-42.6 42.6-29.5 11.7-99.5 9-132.1 9s-102.7 2.6-132.1-9c-19.6-7.8-34.7-22.9-42.6-42.6-11.7-29.5-9-99.5-9-132.1s-2.6-102.7 9-132.1c7.8-19.6 22.9-34.7 42.6-42.6 29.5-11.7 99.5-9 132.1-9s102.7-2.6 132.1 9c19.6 7.8 34.7 22.9 42.6 42.6 11.7 29.5 9 99.5 9 132.1s2.7 102.7-9 132.1z\"><\/path><\/svg>\t\t\t\t\t<\/a>\n\t\t\t\t<\/span>\n\t\t\t\t\t<\/div>\n\t\t\t\t\t\t<\/div>\n\t\t\t\t<\/div>\n\t\t\t\t\t<\/div>\n\t\t<\/div>\n\t\t\t\t\t<\/div>\n\t\t<\/section>\n\t\t\t\t<section class=\"elementor-section elementor-top-section elementor-element elementor-element-euju4tp elementor-section-content-middle elementor-section-boxed elementor-section-height-default elementor-section-height-default\" data-id=\"euju4tp\" data-element_type=\"section\" data-e-type=\"section\" data-settings=\"{&quot;background_background&quot;:&quot;classic&quot;}\">\n\t\t\t\t\t\t<div class=\"elementor-container elementor-column-gap-no\">\n\t\t\t\t\t<div class=\"elementor-column elementor-col-100 elementor-top-column elementor-element elementor-element-e7a915a\" data-id=\"e7a915a\" data-element_type=\"column\" data-e-type=\"column\">\n\t\t\t<div class=\"elementor-widget-wrap elementor-element-populated\">\n\t\t\t\t\t\t<div class=\"elementor-element elementor-element-df291a9 elementor-widget elementor-widget-heading\" data-id=\"df291a9\" data-element_type=\"widget\" data-e-type=\"widget\" data-widget_type=\"heading.default\">\n\t\t\t\t<div class=\"elementor-widget-container\">\n\t\t\t\t\t<h2 class=\"elementor-heading-title elementor-size-default\">Exposiciones y Festivales<\/h2>\t\t\t\t<\/div>\n\t\t\t\t<\/div>\n\t\t\t\t<section class=\"elementor-section elementor-inner-section elementor-element elementor-element-234ca48 elementor-section-content-middle elementor-section-boxed elementor-section-height-default elementor-section-height-default\" data-id=\"234ca48\" data-element_type=\"section\" data-e-type=\"section\">\n\t\t\t\t\t\t<div class=\"elementor-container elementor-column-gap-no\">\n\t\t\t\t\t<div class=\"elementor-column elementor-col-50 elementor-inner-column elementor-element elementor-element-0d816b6\" data-id=\"0d816b6\" data-element_type=\"column\" data-e-type=\"column\">\n\t\t\t<div class=\"elementor-widget-wrap elementor-element-populated\">\n\t\t\t\t\t\t<div class=\"elementor-element elementor-element-c627164 elementor-widget elementor-widget-heading\" data-id=\"c627164\" data-element_type=\"widget\" data-e-type=\"widget\" data-widget_type=\"heading.default\">\n\t\t\t\t<div class=\"elementor-widget-container\">\n\t\t\t\t\t<h3 class=\"elementor-heading-title elementor-size-medium\">Exposiciones Individuales<\/h3>\t\t\t\t<\/div>\n\t\t\t\t<\/div>\n\t\t\t\t<div class=\"elementor-element elementor-element-4595b33 elementor-widget elementor-widget-text-editor\" data-id=\"4595b33\" data-element_type=\"widget\" data-e-type=\"widget\" data-widget_type=\"text-editor.default\">\n\t\t\t\t<div class=\"elementor-widget-container\">\n\t\t\t\t\t\t\t\t\t<p>Chamo Caribe, 2018 (Barcelona,Espa\u00f1a)<\/p>\t\t\t\t\t\t\t\t<\/div>\n\t\t\t\t<\/div>\n\t\t\t\t<div class=\"elementor-element elementor-element-9cd87cc elementor-widget elementor-widget-heading\" data-id=\"9cd87cc\" data-element_type=\"widget\" data-e-type=\"widget\" data-widget_type=\"heading.default\">\n\t\t\t\t<div class=\"elementor-widget-container\">\n\t\t\t\t\t<h3 class=\"elementor-heading-title elementor-size-medium\">Exposiciones Grupales<\/h3>\t\t\t\t<\/div>\n\t\t\t\t<\/div>\n\t\t\t\t<div class=\"elementor-element elementor-element-c45373d elementor-widget elementor-widget-text-editor\" data-id=\"c45373d\" data-element_type=\"widget\" data-e-type=\"widget\" data-widget_type=\"text-editor.default\">\n\t\t\t\t<div class=\"elementor-widget-container\">\n\t\t\t\t\t\t\t\t\t<p>Caracteria, 2009 (Barcelona,Espa\u00f1a)<br \/>Music 4 Life, 2009 (Maracaibo,Venezuela)<br \/>CCS Poster, 2011 (Caracas,Venezuela)<br \/>Desarmarte, 2012 (Caracas,Venezuela)<br \/>El S\u00faper Cartel, 2012 (Maracaibo,Venezuela)<br \/>Make a Poster, 2015 (Maracaibo,Venezuela)<br \/>Artezanos (Homenaje a Zapata), 2015 (Caracas,Venezuela)<br \/>Contagio, 2015 (Maracaibo,Venezuela)<br \/>A la Muerte con una Sonrisa, 2015 (DF,Mexico)<br \/>Axesorarte, 2016 (Caracas,Venezuela)<br \/>Make a Poster II, 2016 (Buenos Aires,Argentina)<br \/>No Solo M\u00fasica, 2017 (Barcelona,Espa\u00f1a)<br \/>La Puja 2.0, 2017 (Barcelona,Espa\u00f1a)<br \/>Back to the Culture, 2018 (Barcelona,Espa\u00f1a)<br \/>Dress Code, 2018 (Barcelona,Espa\u00f1a)<br \/>Toc 2 Me, 2019 (Barcelona,Espa\u00f1a)<br \/>Un Perro Andaluz, 2019 (M\u00e1laga,Espa\u00f1a)<br \/>50&#215;60 the exhibit, 2020 (Barcelona,Espa\u00f1a)<\/p>\t\t\t\t\t\t\t\t<\/div>\n\t\t\t\t<\/div>\n\t\t\t\t\t<\/div>\n\t\t<\/div>\n\t\t\t\t<div class=\"elementor-column elementor-col-50 elementor-inner-column elementor-element elementor-element-4a3c054\" data-id=\"4a3c054\" data-element_type=\"column\" data-e-type=\"column\">\n\t\t\t<div class=\"elementor-widget-wrap elementor-element-populated\">\n\t\t\t\t\t\t<div class=\"elementor-element elementor-element-4595eb4 elementor-widget elementor-widget-heading\" data-id=\"4595eb4\" data-element_type=\"widget\" data-e-type=\"widget\" data-widget_type=\"heading.default\">\n\t\t\t\t<div class=\"elementor-widget-container\">\n\t\t\t\t\t<h3 class=\"elementor-heading-title elementor-size-medium\">Festivales<\/h3>\t\t\t\t<\/div>\n\t\t\t\t<\/div>\n\t\t\t\t<div class=\"elementor-element elementor-element-244b3a5 elementor-widget elementor-widget-text-editor\" data-id=\"244b3a5\" data-element_type=\"widget\" data-e-type=\"widget\" data-widget_type=\"text-editor.default\">\n\t\t\t\t<div class=\"elementor-widget-container\">\n\t\t\t\t\t\t\t\t\t<p>Urban Art BCN, 2017 (Barcelona,Espa\u00f1a)<br \/>D\u00eda de la Pintura, 2017 (Barcelona,Espa\u00f1a)<br \/>Pinta Malasa\u00f1a, 2018 (Madrid,Espa\u00f1a)<br \/>WAC Poblenou, 2018 (Barcelona,Espa\u00f1a)<br \/>Pintando el Sur, 2018 (Getafe,Espa\u00f1a)<br \/>WAC Poblenou, 2019 (Barcelona,Espa\u00f1a)<br \/>Pinta Malasa\u00f1a, 2019 (Madrid,Espa\u00f1a)<br \/>Extinction Jam, 2020 (Barcelona,Espa\u00f1a)<br \/>Wild Jam, 2021 (Barcelona,Espa\u00f1a)<br \/>Logo Jam, 2021 (Barcelona,Espa\u00f1a)<br \/>MRB Street Art, 2021 (Marbella,Espa\u00f1a)<br \/>Extreme Barcelona, 2021 (Barcelona,Espa\u00f1a)<br \/>Mural Jam, 2021 (Barcelona,Espa\u00f1a)<br \/>Migaci\u00f3n JAM, 2022 (Barcelona,Espa\u00f1a)<br \/>Mural Jam, 2022 (Barcelona,Espa\u00f1a)<br \/>Pinta Malasa\u00f1a, 2023 (Madrid,Espa\u00f1a)<br \/>CI Urban Fest, 2023 (Getafe,Espa\u00f1a)<br \/>Mural Jam, 2023 (Masnou,Espa\u00f1a)<br \/>RavalArt, 2023 (Barcelona,Espa\u00f1a)<\/p>\t\t\t\t\t\t\t\t<\/div>\n\t\t\t\t<\/div>\n\t\t\t\t\t<\/div>\n\t\t<\/div>\n\t\t\t\t\t<\/div>\n\t\t<\/section>\n\t\t\t\t<div class=\"elementor-element elementor-element-affeb34 elementor-tablet-align-center elementor-align-center elementor-widget elementor-widget-button\" data-id=\"affeb34\" data-element_type=\"widget\" data-e-type=\"widget\" data-widget_type=\"button.default\">\n\t\t\t\t<div class=\"elementor-widget-container\">\n\t\t\t\t\t\t\t\t\t<div class=\"elementor-button-wrapper\">\n\t\t\t\t\t<a class=\"elementor-button elementor-button-link elementor-size-sm\" href=\"\/es\/work\/\">\n\t\t\t\t\t\t<span class=\"elementor-button-content-wrapper\">\n\t\t\t\t\t\t<span class=\"elementor-button-icon\">\n\t\t\t\t<svg aria-hidden=\"true\" class=\"e-font-icon-svg e-fas-caret-right\" viewbox=\"0 0 192 512\" xmlns=\"http:\/\/www.w3.org\/2000\/svg\"><path d=\"M0 384.662V127.338c0-17.818 21.543-26.741 34.142-14.142l128.662 128.662c7.81 7.81 7.81 20.474 0 28.284L34.142 398.804C21.543 411.404 0 402.48 0 384.662z\"><\/path><\/svg>\t\t\t<\/span>\n\t\t\t\t\t\t\t\t\t<span class=\"elementor-button-text\">Mis Trabajos<\/span>\n\t\t\t\t\t<\/span>\n\t\t\t\t\t<\/a>\n\t\t\t\t<\/div>\n\t\t\t\t\t\t\t\t<\/div>\n\t\t\t\t<\/div>\n\t\t\t\t\t<\/div>\n\t\t<\/div>\n\t\t\t\t\t<\/div>\n\t\t<\/section>\n\t\t\t\t<\/div>","protected":false},"excerpt":{"rendered":"<p>This is Ricardo Bracho Born on June 12, 1985, in Maracaibo, Venezuela, he discovered his passion for art and drawing [&hellip;]<\/p>\n","protected":false},"author":1,"featured_media":0,"parent":0,"menu_order":0,"comment_status":"closed","ping_status":"closed","template":"","meta":{"site-sidebar-layout":"no-sidebar","site-content-layout":"","ast-site-content-layout":"full-width-container","site-content-style":"default","site-sidebar-style":"default","ast-global-header-display":"","ast-banner-title-visibility":"","ast-main-header-display":"","ast-hfb-above-header-display":"","ast-hfb-below-header-display":"","ast-hfb-mobile-header-display":"","site-post-title":"","ast-breadcrumbs-content":"","ast-featured-img":"disabled","footer-sml-layout":"","ast-disable-related-posts":"","theme-transparent-header-meta":"default","adv-header-id-meta":"","stick-header-meta":"","header-above-stick-meta":"","header-main-stick-meta":"","header-below-stick-meta":"","astra-migrate-meta-layouts":"set","ast-page-background-enabled":"default","ast-page-background-meta":{"desktop":{"background-color":"var(--ast-global-color-5)","background-image":"","background-repeat":"repeat","background-position":"center center","background-size":"auto","background-attachment":"scroll","background-type":"","background-media":"","overlay-type":"","overlay-color":"","overlay-opacity":"","overlay-gradient":""},"tablet":{"background-color":"","background-image":"","background-repeat":"repeat","background-position":"center center","background-size":"auto","background-attachment":"scroll","background-type":"","background-media":"","overlay-type":"","overlay-color":"","overlay-opacity":"","overlay-gradient":""},"mobile":{"background-color":"","background-image":"","background-repeat":"repeat","background-position":"center center","background-size":"auto","background-attachment":"scroll","background-type":"","background-media":"","overlay-type":"","overlay-color":"","overlay-opacity":"","overlay-gradient":""}},"ast-content-background-meta":{"desktop":{"background-color":"var(--ast-global-color-4)","background-image":"","background-repeat":"repeat","background-position":"center center","background-size":"auto","background-attachment":"scroll","background-type":"","background-media":"","overlay-type":"","overlay-color":"","overlay-opacity":"","overlay-gradient":""},"tablet":{"background-color":"var(--ast-global-color-4)","background-image":"","background-repeat":"repeat","background-position":"center center","background-size":"auto","background-attachment":"scroll","background-type":"","background-media":"","overlay-type":"","overlay-color":"","overlay-opacity":"","overlay-gradient":""},"mobile":{"background-color":"var(--ast-global-color-4)","background-image":"","background-repeat":"repeat","background-position":"center center","background-size":"auto","background-attachment":"scroll","background-type":"","background-media":"","overlay-type":"","overlay-color":"","overlay-opacity":"","overlay-gradient":""}},"footnotes":""},"class_list":["post-142","page","type-page","status-publish","hentry"],"yoast_head":"<!-- This site is optimized with the Yoast SEO plugin v27.4 - https:\/\/yoast.com\/product\/yoast-seo-wordpress\/ -->\n<title>The Artist - Ricardo Bracho<\/title>\n<meta name=\"robots\" content=\"index, follow, max-snippet:-1, max-image-preview:large, max-video-preview:-1\" \/>\n<link rel=\"canonical\" href=\"https:\/\/www.art3sano.com\/es\/the-artist\/\" \/>\n<meta property=\"og:locale\" content=\"es_ES\" \/>\n<meta property=\"og:type\" content=\"article\" \/>\n<meta property=\"og:title\" content=\"The Artist - Ricardo Bracho\" \/>\n<meta property=\"og:description\" content=\"This is Ricardo Bracho Born on June 12, 1985, in Maracaibo, Venezuela, he discovered his passion for art and drawing [&hellip;]\" \/>\n<meta property=\"og:url\" content=\"https:\/\/www.art3sano.com\/es\/the-artist\/\" \/>\n<meta property=\"og:site_name\" content=\"Ricardo Bracho\" \/>\n<meta property=\"article:modified_time\" content=\"2025-09-04T10:27:19+00:00\" \/>\n<meta property=\"og:image\" content=\"https:\/\/www.art3sano.com\/wp-content\/uploads\/2025\/03\/fFOTO-RICARDO-ANDRES-.jpg\" \/>\n\t<meta property=\"og:image:width\" content=\"1357\" \/>\n\t<meta property=\"og:image:height\" content=\"1600\" \/>\n\t<meta property=\"og:image:type\" content=\"image\/jpeg\" \/>\n<meta name=\"twitter:card\" content=\"summary_large_image\" \/>\n<meta name=\"twitter:label1\" content=\"Tiempo de lectura\" \/>\n\t<meta name=\"twitter:data1\" content=\"2 minutos\" \/>\n<script type=\"application\/ld+json\" class=\"yoast-schema-graph\">{\"@context\":\"https:\\\/\\\/schema.org\",\"@graph\":[{\"@type\":\"WebPage\",\"@id\":\"https:\\\/\\\/www.art3sano.com\\\/the-artist\\\/\",\"url\":\"https:\\\/\\\/www.art3sano.com\\\/the-artist\\\/\",\"name\":\"The Artist - Ricardo Bracho\",\"isPartOf\":{\"@id\":\"https:\\\/\\\/www.art3sano.com\\\/#website\"},\"primaryImageOfPage\":{\"@id\":\"https:\\\/\\\/www.art3sano.com\\\/the-artist\\\/#primaryimage\"},\"image\":{\"@id\":\"https:\\\/\\\/www.art3sano.com\\\/the-artist\\\/#primaryimage\"},\"thumbnailUrl\":\"https:\\\/\\\/www.art3sano.com\\\/wp-content\\\/uploads\\\/2025\\\/03\\\/fFOTO-RICARDO-ANDRES-.jpg\",\"datePublished\":\"2025-03-26T08:52:03+00:00\",\"dateModified\":\"2025-09-04T10:27:19+00:00\",\"breadcrumb\":{\"@id\":\"https:\\\/\\\/www.art3sano.com\\\/the-artist\\\/#breadcrumb\"},\"inLanguage\":\"es\",\"potentialAction\":[{\"@type\":\"ReadAction\",\"target\":[\"https:\\\/\\\/www.art3sano.com\\\/the-artist\\\/\"]}]},{\"@type\":\"ImageObject\",\"inLanguage\":\"es\",\"@id\":\"https:\\\/\\\/www.art3sano.com\\\/the-artist\\\/#primaryimage\",\"url\":\"https:\\\/\\\/www.art3sano.com\\\/wp-content\\\/uploads\\\/2025\\\/03\\\/fFOTO-RICARDO-ANDRES-.jpg\",\"contentUrl\":\"https:\\\/\\\/www.art3sano.com\\\/wp-content\\\/uploads\\\/2025\\\/03\\\/fFOTO-RICARDO-ANDRES-.jpg\"},{\"@type\":\"BreadcrumbList\",\"@id\":\"https:\\\/\\\/www.art3sano.com\\\/the-artist\\\/#breadcrumb\",\"itemListElement\":[{\"@type\":\"ListItem\",\"position\":1,\"name\":\"Portada\",\"item\":\"https:\\\/\\\/www.art3sano.com\\\/\"},{\"@type\":\"ListItem\",\"position\":2,\"name\":\"The Artist\"}]},{\"@type\":\"WebSite\",\"@id\":\"https:\\\/\\\/www.art3sano.com\\\/#website\",\"url\":\"https:\\\/\\\/www.art3sano.com\\\/\",\"name\":\"Ricardo Bracho\",\"description\":\"\",\"publisher\":{\"@id\":\"https:\\\/\\\/www.art3sano.com\\\/#organization\"},\"potentialAction\":[{\"@type\":\"SearchAction\",\"target\":{\"@type\":\"EntryPoint\",\"urlTemplate\":\"https:\\\/\\\/www.art3sano.com\\\/?s={search_term_string}\"},\"query-input\":{\"@type\":\"PropertyValueSpecification\",\"valueRequired\":true,\"valueName\":\"search_term_string\"}}],\"inLanguage\":\"es\"},{\"@type\":\"Organization\",\"@id\":\"https:\\\/\\\/www.art3sano.com\\\/#organization\",\"name\":\"Ricardo Bracho\",\"url\":\"https:\\\/\\\/www.art3sano.com\\\/\",\"logo\":{\"@type\":\"ImageObject\",\"inLanguage\":\"es\",\"@id\":\"https:\\\/\\\/www.art3sano.com\\\/#\\\/schema\\\/logo\\\/image\\\/\",\"url\":\"https:\\\/\\\/www.art3sano.com\\\/wp-content\\\/uploads\\\/2026\\\/01\\\/cropped-AnimLogo_Negro.gif\",\"contentUrl\":\"https:\\\/\\\/www.art3sano.com\\\/wp-content\\\/uploads\\\/2026\\\/01\\\/cropped-AnimLogo_Negro.gif\",\"width\":200,\"height\":209,\"caption\":\"Ricardo Bracho\"},\"image\":{\"@id\":\"https:\\\/\\\/www.art3sano.com\\\/#\\\/schema\\\/logo\\\/image\\\/\"}}]}<\/script>\n<!-- \/ Yoast SEO plugin. -->","yoast_head_json":{"title":"The Artist - Ricardo Bracho","robots":{"index":"index","follow":"follow","max-snippet":"max-snippet:-1","max-image-preview":"max-image-preview:large","max-video-preview":"max-video-preview:-1"},"canonical":"https:\/\/www.art3sano.com\/es\/the-artist\/","og_locale":"es_ES","og_type":"article","og_title":"The Artist - Ricardo Bracho","og_description":"This is Ricardo Bracho Born on June 12, 1985, in Maracaibo, Venezuela, he discovered his passion for art and drawing [&hellip;]","og_url":"https:\/\/www.art3sano.com\/es\/the-artist\/","og_site_name":"Ricardo Bracho","article_modified_time":"2025-09-04T10:27:19+00:00","og_image":[{"width":1357,"height":1600,"url":"https:\/\/www.art3sano.com\/wp-content\/uploads\/2025\/03\/fFOTO-RICARDO-ANDRES-.jpg","type":"image\/jpeg"}],"twitter_card":"summary_large_image","twitter_misc":{"Tiempo de lectura":"2 minutos"},"schema":{"@context":"https:\/\/schema.org","@graph":[{"@type":"WebPage","@id":"https:\/\/www.art3sano.com\/the-artist\/","url":"https:\/\/www.art3sano.com\/the-artist\/","name":"The Artist - Ricardo Bracho","isPartOf":{"@id":"https:\/\/www.art3sano.com\/#website"},"primaryImageOfPage":{"@id":"https:\/\/www.art3sano.com\/the-artist\/#primaryimage"},"image":{"@id":"https:\/\/www.art3sano.com\/the-artist\/#primaryimage"},"thumbnailUrl":"https:\/\/www.art3sano.com\/wp-content\/uploads\/2025\/03\/fFOTO-RICARDO-ANDRES-.jpg","datePublished":"2025-03-26T08:52:03+00:00","dateModified":"2025-09-04T10:27:19+00:00","breadcrumb":{"@id":"https:\/\/www.art3sano.com\/the-artist\/#breadcrumb"},"inLanguage":"es","potentialAction":[{"@type":"ReadAction","target":["https:\/\/www.art3sano.com\/the-artist\/"]}]},{"@type":"ImageObject","inLanguage":"es","@id":"https:\/\/www.art3sano.com\/the-artist\/#primaryimage","url":"https:\/\/www.art3sano.com\/wp-content\/uploads\/2025\/03\/fFOTO-RICARDO-ANDRES-.jpg","contentUrl":"https:\/\/www.art3sano.com\/wp-content\/uploads\/2025\/03\/fFOTO-RICARDO-ANDRES-.jpg"},{"@type":"BreadcrumbList","@id":"https:\/\/www.art3sano.com\/the-artist\/#breadcrumb","itemListElement":[{"@type":"ListItem","position":1,"name":"Portada","item":"https:\/\/www.art3sano.com\/"},{"@type":"ListItem","position":2,"name":"The Artist"}]},{"@type":"WebSite","@id":"https:\/\/www.art3sano.com\/#website","url":"https:\/\/www.art3sano.com\/","name":"Ricardo Bracho","description":"","publisher":{"@id":"https:\/\/www.art3sano.com\/#organization"},"potentialAction":[{"@type":"SearchAction","target":{"@type":"EntryPoint","urlTemplate":"https:\/\/www.art3sano.com\/?s={search_term_string}"},"query-input":{"@type":"PropertyValueSpecification","valueRequired":true,"valueName":"search_term_string"}}],"inLanguage":"es"},{"@type":"Organization","@id":"https:\/\/www.art3sano.com\/#organization","name":"Ricardo Bracho","url":"https:\/\/www.art3sano.com\/","logo":{"@type":"ImageObject","inLanguage":"es","@id":"https:\/\/www.art3sano.com\/#\/schema\/logo\/image\/","url":"https:\/\/www.art3sano.com\/wp-content\/uploads\/2026\/01\/cropped-AnimLogo_Negro.gif","contentUrl":"https:\/\/www.art3sano.com\/wp-content\/uploads\/2026\/01\/cropped-AnimLogo_Negro.gif","width":200,"height":209,"caption":"Ricardo Bracho"},"image":{"@id":"https:\/\/www.art3sano.com\/#\/schema\/logo\/image\/"}}]}},"_links":{"self":[{"href":"https:\/\/www.art3sano.com\/es\/wp-json\/wp\/v2\/pages\/142","targetHints":{"allow":["GET"]}}],"collection":[{"href":"https:\/\/www.art3sano.com\/es\/wp-json\/wp\/v2\/pages"}],"about":[{"href":"https:\/\/www.art3sano.com\/es\/wp-json\/wp\/v2\/types\/page"}],"author":[{"embeddable":true,"href":"https:\/\/www.art3sano.com\/es\/wp-json\/wp\/v2\/users\/1"}],"replies":[{"embeddable":true,"href":"https:\/\/www.art3sano.com\/es\/wp-json\/wp\/v2\/comments?post=142"}],"version-history":[{"count":49,"href":"https:\/\/www.art3sano.com\/es\/wp-json\/wp\/v2\/pages\/142\/revisions"}],"predecessor-version":[{"id":498,"href":"https:\/\/www.art3sano.com\/es\/wp-json\/wp\/v2\/pages\/142\/revisions\/498"}],"wp:attachment":[{"href":"https:\/\/www.art3sano.com\/es\/wp-json\/wp\/v2\/media?parent=142"}],"curies":[{"name":"wp","href":"https:\/\/api.w.org\/{rel}","templated":true}]}}